{"id":2743,"date":"2023-03-29T12:17:44","date_gmt":"2023-03-29T12:17:44","guid":{"rendered":"https:\/\/alpsafari.ch\/le-camping\/"},"modified":"2026-03-26T13:49:39","modified_gmt":"2026-03-26T13:49:39","slug":"le-camping","status":"publish","type":"page","link":"https:\/\/alpsafari.ch\/fr\/le-camping\/","title":{"rendered":"Le camping"},"content":{"rendered":"\n<p>A plus de 1000 m d&rsquo;altitude, le site propose 13 tentes safari \u00ab\u00a0glamping\u00a0\u00bb et une trentaine d&#8217;emplacements de camping pour tentes, vans et quelques camping-cars. Am\u00e9nag\u00e9 sur 26,000 m\u00e8tres carr\u00e9s de terrasses orient\u00e9es sud-ouest, il est parfait pour les couchers de soleil alpins spectaculaires sur la vall\u00e9e du Rh\u00f4ne (et pour que personne n&rsquo;ait \u00e0 surveiller les voisins). Nous sommes \u00e0 20 minutes en voiture de Sion, avec des liaisons de transport en commun depuis la gare de Sion et jusqu&rsquo;au village de Nax juste au-dessus, o\u00f9 vous trouverez une boulangerie, un supermarch\u00e9, divers restaurants et l&rsquo;Espace Mont-Noble loisirs.<\/p>\n\n\n\n<p>Alp Safari encourage la v\u00e9g\u00e9tation \u00e0 revenir \u00e0 un \u00e9tat plus naturel &#8211; plus de fleurs sauvages, plus d&rsquo;herbes hautes, plus d&rsquo;oiseaux et plus d&rsquo;abeilles ! Juste en dessous des for\u00eats alpines, nous avons un m\u00e9lange de bouleaux, de fr\u00eanes et de cerisiers sauvages qui assurent un ombrage naturel pour presque tous les emplacements, et nous sommes entour\u00e9s de terres agricoles et d&rsquo;arbres. Vous pourriez \u00eatre r\u00e9veill\u00e9 par les oiseaux, et pendant les mois d&rsquo;\u00e9t\u00e9 vous entendrez certainement les cloches des jeunes vaches dans les champs \u00e0 c\u00f4t\u00e9. En basse saison vous pourriez m\u00eame apercevoir des cerfs ou des renards. Et \u00e0 tout moment de l&rsquo;ann\u00e9e, c&rsquo;est un endroit id\u00e9al pour observer les \u00e9toiles.<\/p>\n\n\n\n<figure class=\"wp-block-image size-large\"><img loading=\"lazy\" decoding=\"async\" width=\"1024\" height=\"763\" src=\"https:\/\/alpsafari.ch\/wp-content\/uploads\/2026\/03\/7-autoc-plancamping_2125x1585-1024x763.jpg\" alt=\"\" class=\"wp-image-3578\" srcset=\"https:\/\/alpsafari.ch\/wp-content\/uploads\/2026\/03\/7-autoc-plancamping_2125x1585-1024x763.jpg 1024w, https:\/\/alpsafari.ch\/wp-content\/uploads\/2026\/03\/7-autoc-plancamping_2125x1585-300x223.jpg 300w, https:\/\/alpsafari.ch\/wp-content\/uploads\/2026\/03\/7-autoc-plancamping_2125x1585-768x573.jpg 768w, https:\/\/alpsafari.ch\/wp-content\/uploads\/2026\/03\/7-autoc-plancamping_2125x1585-1536x1145.jpg 1536w, https:\/\/alpsafari.ch\/wp-content\/uploads\/2026\/03\/7-autoc-plancamping_2125x1585-2048x1527.jpg 2048w\" sizes=\"auto, (max-width: 1024px) 100vw, 1024px\" \/><\/figure>\n\n\n\n<h2 class=\"wp-block-heading\">Piscine et jardin<\/h2>\n\n\n\n<p>Alp Safari vous propose un fabuleux jardin ombrag\u00e9 en plein centre du site, o\u00f9 vous trouverez notre piscine en plein air, des chaises confortables et des transats, m\u00eame un ou deux hamacs, ainsi que l&rsquo;aire de jeux et sa balan\u00e7oire. Un fussbol vintage se trouve g\u00e9n\u00e9ralement quelque part sous les arbres.<\/p>\n\n\n\n<p>La piscine ext\u00e9rieure est ouverte pendant les mois d&rsquo;\u00e9t\u00e9 pour le moment (en attendant plus d&rsquo;amateurs de la baignade en eau froide!). Avec une vue imprenable sur la vall\u00e9e, le bassin n&rsquo;est pas chauff\u00e9 &#8211; la temp\u00e9rature moyenne peut varier entre 16\u00b0c et 25\u00b0c selon la m\u00e9t\u00e9o. Nous ne le surchauffons pas, afin de limiter la quantit\u00e9 de chlore n\u00e9cessaire\u2026 Un portail \u00ab\u00a0anti-enfants\u00a0\u00bb interdit aux enfants non accompagn\u00e9s d&rsquo;acc\u00e9der \u00e0 l&rsquo;espace piscine depuis le jardin.<\/p>\n\n\n\n<p>La piscine peut \u00eatre ouverte aux non-campeurs en basse saison <\/p>\n\n\n\n<figure class=\"wp-block-gallery alignwide has-nested-images columns-default is-cropped wp-block-gallery-1 is-layout-flex wp-block-gallery-is-layout-flex\">\n<figure class=\"wp-block-image size-medium\"><img loading=\"lazy\" decoding=\"async\" width=\"300\" height=\"225\" data-id=\"1784\" src=\"https:\/\/alpsafari.ch\/wp-content\/uploads\/2022\/12\/IMG_3330-300x225.jpeg\" alt=\"\" class=\"wp-image-1784\" srcset=\"https:\/\/alpsafari.ch\/wp-content\/uploads\/2022\/12\/IMG_3330-300x225.jpeg 300w, https:\/\/alpsafari.ch\/wp-content\/uploads\/2022\/12\/IMG_3330.jpeg 1024w, https:\/\/alpsafari.ch\/wp-content\/uploads\/2022\/12\/IMG_3330-768x576.jpeg 768w, https:\/\/alpsafari.ch\/wp-content\/uploads\/2022\/12\/IMG_3330-1536x1152.jpeg 1536w, https:\/\/alpsafari.ch\/wp-content\/uploads\/2022\/12\/IMG_3330-2048x1536.jpeg 2048w\" sizes=\"auto, (max-width: 300px) 100vw, 300px\" \/><\/figure>\n\n\n\n<figure class=\"wp-block-image size-medium\"><img loading=\"lazy\" decoding=\"async\" width=\"300\" height=\"200\" data-id=\"2943\" src=\"https:\/\/alpsafari.ch\/wp-content\/uploads\/2024\/05\/C30D8B9D-B71D-4B8F-9F76-82902BEA06B6_1_105_c-300x200.jpeg\" alt=\"Safari tents - h\u00e9bergement insolite - ungew\u00f6hnliche Unterkunft - Glamping\" class=\"wp-image-2943\" srcset=\"https:\/\/alpsafari.ch\/wp-content\/uploads\/2024\/05\/C30D8B9D-B71D-4B8F-9F76-82902BEA06B6_1_105_c-300x200.jpeg 300w, https:\/\/alpsafari.ch\/wp-content\/uploads\/2024\/05\/C30D8B9D-B71D-4B8F-9F76-82902BEA06B6_1_105_c-1024x682.jpeg 1024w, https:\/\/alpsafari.ch\/wp-content\/uploads\/2024\/05\/C30D8B9D-B71D-4B8F-9F76-82902BEA06B6_1_105_c-768x512.jpeg 768w, https:\/\/alpsafari.ch\/wp-content\/uploads\/2024\/05\/C30D8B9D-B71D-4B8F-9F76-82902BEA06B6_1_105_c-1536x1024.jpeg 1536w, https:\/\/alpsafari.ch\/wp-content\/uploads\/2024\/05\/C30D8B9D-B71D-4B8F-9F76-82902BEA06B6_1_105_c-2048x1365.jpeg 2048w, https:\/\/alpsafari.ch\/wp-content\/uploads\/2024\/05\/C30D8B9D-B71D-4B8F-9F76-82902BEA06B6_1_105_c.jpeg 1086w\" sizes=\"auto, (max-width: 300px) 100vw, 300px\" \/><\/figure>\n<\/figure>\n\n\n\n<h2 class=\"wp-block-heading\">Restaurant<\/h2>\n\n\n\n<p>Un petit restaurant se trouve sur place, avec deux terrasses donnant sur la piscine et des si\u00e8ges int\u00e9rieurs dans un espace confortable dot\u00e9 d&rsquo;un po\u00eale \u00e0 bois pour les journ\u00e9es plus fra\u00eeches.Les horaires peuvent varier selon les saisons, mais g\u00e9n\u00e9ralement les heures d&rsquo;ouverture en haute saison vont de 10h \u00e0 22h. La basse saison est limit\u00e9e aux soir\u00e9es de week-end uniquement. Nous utilisons des produits locaux de la r\u00e9gion pour vous proposer un m\u00e9lange d&rsquo;assiettes \u00e0 partager &#8211; assiette valaisanne, truite fum\u00e9e, fromages frais &#8211; et de plats du soir comme des burgers, notre \u00ab\u00a0Nendette\u00a0\u00bb maison, suivis de desserts faits maison. Toute notre nourriture est fra\u00eechement pr\u00e9par\u00e9e sur place. Nous disposons \u00e9galement d&rsquo;une excellente s\u00e9lection de vins locaux, des fameux sirops Morand et d&rsquo;une petite carte de cocktails, parfaite pour admirer le coucher de soleil depuis les fauteuils de la terrasse ! Notre \u00e9quipe est toujours heureuse de vous aider pour les plats \u00e0 emporter, qu&rsquo;il s&rsquo;agisse d&rsquo;une assiette de frites pour accompagner votre barbecue ou du repas complet&#8230;<\/p>\n\n\n\n<p>Tout au long de l&rsquo;ann\u00e9e, Alp Safari propose \u00e9galement un petit coin campeur o\u00f9 vous trouverez des articles de camping, ainsi qu&rsquo;un service de pain et de petit-d\u00e9jeuner pour le matin et diverses options de paniers alimentaires.<\/p>\n\n\n\n<figure class=\"wp-block-gallery alignwide has-nested-images columns-default is-cropped wp-block-gallery-2 is-layout-flex wp-block-gallery-is-layout-flex\">\n<figure class=\"wp-block-image size-large\"><img loading=\"lazy\" decoding=\"async\" width=\"1024\" height=\"682\" data-id=\"2916\" src=\"https:\/\/alpsafari.ch\/wp-content\/uploads\/2024\/05\/E7EAB3B1-C947-4627-845A-80AC86C358F9_1_105_c-1024x682.jpeg\" alt=\"REstaurant\" class=\"wp-image-2916\" srcset=\"https:\/\/alpsafari.ch\/wp-content\/uploads\/2024\/05\/E7EAB3B1-C947-4627-845A-80AC86C358F9_1_105_c-1024x682.jpeg 1024w, https:\/\/alpsafari.ch\/wp-content\/uploads\/2024\/05\/E7EAB3B1-C947-4627-845A-80AC86C358F9_1_105_c-300x200.jpeg 300w, https:\/\/alpsafari.ch\/wp-content\/uploads\/2024\/05\/E7EAB3B1-C947-4627-845A-80AC86C358F9_1_105_c-768x512.jpeg 768w, https:\/\/alpsafari.ch\/wp-content\/uploads\/2024\/05\/E7EAB3B1-C947-4627-845A-80AC86C358F9_1_105_c-1536x1024.jpeg 1536w, https:\/\/alpsafari.ch\/wp-content\/uploads\/2024\/05\/E7EAB3B1-C947-4627-845A-80AC86C358F9_1_105_c-2048x1365.jpeg 2048w, https:\/\/alpsafari.ch\/wp-content\/uploads\/2024\/05\/E7EAB3B1-C947-4627-845A-80AC86C358F9_1_105_c.jpeg 1086w\" sizes=\"auto, (max-width: 1024px) 100vw, 1024px\" \/><\/figure>\n\n\n\n<figure class=\"wp-block-image size-large\"><img loading=\"lazy\" decoding=\"async\" width=\"1024\" height=\"816\" data-id=\"1874\" src=\"https:\/\/alpsafari.ch\/wp-content\/uploads\/2022\/12\/IMG_1118-1024x816.jpeg\" alt=\"\" class=\"wp-image-1874\" srcset=\"https:\/\/alpsafari.ch\/wp-content\/uploads\/2022\/12\/IMG_1118.jpeg 1024w, https:\/\/alpsafari.ch\/wp-content\/uploads\/2022\/12\/IMG_1118-300x239.jpeg 300w, https:\/\/alpsafari.ch\/wp-content\/uploads\/2022\/12\/IMG_1118-768x612.jpeg 768w, https:\/\/alpsafari.ch\/wp-content\/uploads\/2022\/12\/IMG_1118-1536x1224.jpeg 1536w, https:\/\/alpsafari.ch\/wp-content\/uploads\/2022\/12\/IMG_1118-2048x1632.jpeg 2048w\" sizes=\"auto, (max-width: 1024px) 100vw, 1024px\" \/><\/figure>\n<\/figure>\n\n\n\n<h2 class=\"wp-block-heading\">Et le reste&#8230;<\/h2>\n\n\n\n<p>Les sanitaires se trouvent dans trois blocs \u00e0 travers le site, donc m\u00eame s&rsquo;il faut grimper, elles ne sons jamais tr\u00e8s loins! Des douches chaudes, des WC et deux machines \u00e0 laver sont \u00e0 disposition. Un bain-b\u00e9b\u00e9 n&rsquo;est pas encore disponible mais nous pouvons mettre \u00e0 disposition de grands bacs pour les bains b\u00e9b\u00e9s plein air. Deux points WC chimiques sont \u00e9galement disponibles pour les vans et les camping-cars. Des r\u00e9frig\u00e9rateurs sont disponibles \u00e0 la location, et nous sommes heureux de vous pr\u00eater du mat\u00e9riel \u00e0 fondue ou \u00e0 raclonette pour vos repas plein air !<\/p>\n\n\n\n<figure class=\"wp-block-gallery alignwide has-nested-images columns-default is-cropped wp-block-gallery-3 is-layout-flex wp-block-gallery-is-layout-flex\">\n<figure class=\"wp-block-image size-medium\"><img loading=\"lazy\" decoding=\"async\" width=\"300\" height=\"225\" data-id=\"2994\" src=\"https:\/\/alpsafari.ch\/wp-content\/uploads\/2024\/05\/Samuel_Devantery_AlpSafari_Web-24-300x225.jpeg\" alt=\"Camping\" class=\"wp-image-2994\" srcset=\"https:\/\/alpsafari.ch\/wp-content\/uploads\/2024\/05\/Samuel_Devantery_AlpSafari_Web-24-300x225.jpeg 300w, https:\/\/alpsafari.ch\/wp-content\/uploads\/2024\/05\/Samuel_Devantery_AlpSafari_Web-24-1024x768.jpeg 1024w, https:\/\/alpsafari.ch\/wp-content\/uploads\/2024\/05\/Samuel_Devantery_AlpSafari_Web-24-768x576.jpeg 768w, https:\/\/alpsafari.ch\/wp-content\/uploads\/2024\/05\/Samuel_Devantery_AlpSafari_Web-24-1536x1152.jpeg 1536w, https:\/\/alpsafari.ch\/wp-content\/uploads\/2024\/05\/Samuel_Devantery_AlpSafari_Web-24-2048x1536.jpeg 2048w, https:\/\/alpsafari.ch\/wp-content\/uploads\/2024\/05\/Samuel_Devantery_AlpSafari_Web-24.jpeg 1500w\" sizes=\"auto, (max-width: 300px) 100vw, 300px\" \/><\/figure>\n\n\n\n<figure class=\"wp-block-image size-medium is-style-default\"><img loading=\"lazy\" decoding=\"async\" width=\"224\" height=\"300\" data-id=\"1832\" src=\"https:\/\/alpsafari.ch\/wp-content\/uploads\/2022\/12\/IMG_8812-224x300.jpeg\" alt=\"\" class=\"wp-image-1832\" srcset=\"https:\/\/alpsafari.ch\/wp-content\/uploads\/2022\/12\/IMG_8812-224x300.jpeg 224w, https:\/\/alpsafari.ch\/wp-content\/uploads\/2022\/12\/IMG_8812-767x1024.jpeg 767w, https:\/\/alpsafari.ch\/wp-content\/uploads\/2022\/12\/IMG_8812-768x1025.jpeg 768w, https:\/\/alpsafari.ch\/wp-content\/uploads\/2022\/12\/IMG_8812-1151x1536.jpeg 1151w, https:\/\/alpsafari.ch\/wp-content\/uploads\/2022\/12\/IMG_8812-1535x2048.jpeg 1535w, https:\/\/alpsafari.ch\/wp-content\/uploads\/2022\/12\/IMG_8812.jpeg 1024w\" sizes=\"auto, (max-width: 224px) 100vw, 224px\" \/><\/figure>\n<\/figure>\n\n\n\n<p>Free Wifi is available throughout the restaurant and lounge area.<\/p>\n\n\n\n<p>Les feux de bois sont permis selon les r\u00e9glementations cantonales en mati\u00e8re d&rsquo;incendie, et des allume-feu \/ bois de chauffage peuvent \u00eatre achet\u00e9s sur place. Nous vous demandons d&rsquo;utiliser nos Cubes d\u00e9sign\u00e9es pour les feux de bois.<\/p>\n\n\n\n<p>Des bacs de recyclage sont disponibles sur place pour le PET, le verre, l&rsquo;aluminium et le compostage (\u00e9pluchures de l\u00e9gumes uniquement pour ne pas attirer les animaux sauvages) ; les ordures m\u00e9nag\u00e8res doivent \u00eatre dispos\u00e9es dans un sac tax\u00e9 valaisan (disponible chez nous), et d\u00e9pos\u00e9es dans un Molok public \u00e0 la sortie du site.<\/p>\n\n\n\n<p>Les chiens sont les bienvenus \u00e0 Alp Safari &#8211; nous en avons un. Les chiens ne sont pas autoris\u00e9s \u00e0 entrer dans la zone jardin \/ piscine, mais ils sont les bienvenus au restaurant et ailleurs sur le site, sans frais suppl\u00e9mentaires. Nous nous attendons \u00e0 ce que les propri\u00e9taires de chiens assurent que les chiens soient sous contr\u00f4le \u00e0 tout moment, qu&rsquo;ils soient tenus en laisse sur le site et ne d\u00e9rangent pas les voisins &#8211; nous avons une poubelle \u00e0 crottes de chien sur place !<\/p>\n\n\n\n<figure class=\"wp-block-gallery alignwide has-nested-images columns-default is-cropped wp-block-gallery-4 is-layout-flex wp-block-gallery-is-layout-flex\">\n<figure class=\"wp-block-image size-full\"><img loading=\"lazy\" decoding=\"async\" width=\"616\" height=\"842\" data-id=\"3232\" src=\"https:\/\/alpsafari.ch\/wp-content\/uploads\/2025\/12\/4573d106-8aa1-49a6-b120-0cddbb120fd5.jpeg\" alt=\"\" class=\"wp-image-3232\" srcset=\"https:\/\/alpsafari.ch\/wp-content\/uploads\/2025\/12\/4573d106-8aa1-49a6-b120-0cddbb120fd5.jpeg 616w, https:\/\/alpsafari.ch\/wp-content\/uploads\/2025\/12\/4573d106-8aa1-49a6-b120-0cddbb120fd5-219x300.jpeg 219w, https:\/\/alpsafari.ch\/wp-content\/uploads\/2025\/12\/4573d106-8aa1-49a6-b120-0cddbb120fd5-749x1024.jpeg 749w, https:\/\/alpsafari.ch\/wp-content\/uploads\/2025\/12\/4573d106-8aa1-49a6-b120-0cddbb120fd5-1123x1536.jpeg 1123w, https:\/\/alpsafari.ch\/wp-content\/uploads\/2025\/12\/4573d106-8aa1-49a6-b120-0cddbb120fd5-1498x2048.jpeg 1498w\" sizes=\"auto, (max-width: 616px) 100vw, 616px\" \/><\/figure>\n\n\n\n<figure class=\"wp-block-image size-full is-style-default\"><img loading=\"lazy\" decoding=\"async\" width=\"1200\" height=\"1600\" data-id=\"3215\" src=\"https:\/\/alpsafari.ch\/wp-content\/uploads\/2025\/12\/f0cbadee-79c9-48cf-9bd1-ce46de85df8b.jpeg\" alt=\"\" class=\"wp-image-3215\" srcset=\"https:\/\/alpsafari.ch\/wp-content\/uploads\/2025\/12\/f0cbadee-79c9-48cf-9bd1-ce46de85df8b.jpeg 1200w, https:\/\/alpsafari.ch\/wp-content\/uploads\/2025\/12\/f0cbadee-79c9-48cf-9bd1-ce46de85df8b-225x300.jpeg 225w, https:\/\/alpsafari.ch\/wp-content\/uploads\/2025\/12\/f0cbadee-79c9-48cf-9bd1-ce46de85df8b-768x1024.jpeg 768w, https:\/\/alpsafari.ch\/wp-content\/uploads\/2025\/12\/f0cbadee-79c9-48cf-9bd1-ce46de85df8b-1152x1536.jpeg 1152w, https:\/\/alpsafari.ch\/wp-content\/uploads\/2025\/12\/f0cbadee-79c9-48cf-9bd1-ce46de85df8b-1536x2048.jpeg 1536w\" sizes=\"auto, (max-width: 1200px) 100vw, 1200px\" \/><\/figure>\n<\/figure>\n","protected":false},"excerpt":{"rendered":"<p>A plus de 1000 m d&rsquo;altitude, le site propose 13 tentes safari \u00ab\u00a0glamping\u00a0\u00bb et une trentaine d&#8217;emplacements de camping pour tentes, vans et quelques camping-cars. Am\u00e9nag\u00e9 sur 26,000 m\u00e8tres carr\u00e9s de terrasses orient\u00e9es sud-ouest, il est parfait pour les couchers de soleil alpins spectaculaires sur la vall\u00e9e du Rh\u00f4ne (et pour que personne n&rsquo;ait \u00e0 [&hellip;]<\/p>\n","protected":false},"author":1,"featured_media":1046,"parent":0,"menu_order":0,"comment_status":"closed","ping_status":"closed","template":"template-camping.php","meta":{"_acf_changed":false,"footnotes":""},"class_list":["post-2743","page","type-page","status-publish","has-post-thumbnail","hentry"],"acf":[],"_links":{"self":[{"href":"https:\/\/alpsafari.ch\/fr\/wp-json\/wp\/v2\/pages\/2743","targetHints":{"allow":["GET"]}}],"collection":[{"href":"https:\/\/alpsafari.ch\/fr\/wp-json\/wp\/v2\/pages"}],"about":[{"href":"https:\/\/alpsafari.ch\/fr\/wp-json\/wp\/v2\/types\/page"}],"author":[{"embeddable":true,"href":"https:\/\/alpsafari.ch\/fr\/wp-json\/wp\/v2\/users\/1"}],"replies":[{"embeddable":true,"href":"https:\/\/alpsafari.ch\/fr\/wp-json\/wp\/v2\/comments?post=2743"}],"version-history":[{"count":15,"href":"https:\/\/alpsafari.ch\/fr\/wp-json\/wp\/v2\/pages\/2743\/revisions"}],"predecessor-version":[{"id":3591,"href":"https:\/\/alpsafari.ch\/fr\/wp-json\/wp\/v2\/pages\/2743\/revisions\/3591"}],"wp:featuredmedia":[{"embeddable":true,"href":"https:\/\/alpsafari.ch\/fr\/wp-json\/wp\/v2\/media\/1046"}],"wp:attachment":[{"href":"https:\/\/alpsafari.ch\/fr\/wp-json\/wp\/v2\/media?parent=2743"}],"curies":[{"name":"wp","href":"https:\/\/api.w.org\/{rel}","templated":true}]}}