{"id":2738,"date":"2023-03-29T11:57:03","date_gmt":"2023-03-29T11:57:03","guid":{"rendered":"https:\/\/alpsafari.ch\/la-region\/"},"modified":"2025-12-19T17:03:23","modified_gmt":"2025-12-19T17:03:23","slug":"la-region","status":"publish","type":"page","link":"https:\/\/alpsafari.ch\/fr\/la-region\/","title":{"rendered":"D\u00e9couvrez la r\u00e9gion de Nax"},"content":{"rendered":"\n<h2 class=\"wp-block-heading\">Un territoire entre nature, patrimoine et saveurs<\/h2>\n\n\n\n<p>S\u00e9journer chez nous, c\u2019est aussi profiter de tout ce que la <strong>r\u00e9gion de Nax<\/strong> a \u00e0 offrir. Bien s\u00fbr, vous pouvez simplement vous d\u00e9tendre et appr\u00e9cier le calme, ce que nous recommandons volontiers. Mais si l\u2019envie d\u2019explorer vous prend, vous trouverez ici une multitude d\u2019activit\u00e9s et de sites \u00e0 d\u00e9couvrir.<\/p>\n\n\n\n<p>La <strong>r\u00e9gion de Nax<\/strong> est riche en patrimoine et en saveurs. Plongez dans l\u2019histoire en visitant <strong>les ch\u00e2teaux m\u00e9di\u00e9vaux<\/strong>, fl\u00e2nez sur les <strong>march\u00e9s alimentaires<\/strong> \u00e0 la d\u00e9couverte des produits du terroir, et laissez-vous s\u00e9duire par la <strong>gastronomie locale et les vins du Valais<\/strong>. Tout au long de l\u2019ann\u00e9e, des <strong>festivals et \u00e9v\u00e9nements musicaux<\/strong> animent les alentours, offrant une belle immersion dans la culture locale.<\/p>\n\n\n\n<p>Les amoureux de plein air appr\u00e9cieront les nombreux sentiers de <strong>randonn\u00e9e et de v\u00e9lo<\/strong> qui sillonnent <strong>Nax<\/strong>, offrant des panoramas exceptionnels sur les montagnes environnantes. Pour une exp\u00e9rience unique, explorez les <strong>lacs souterrains<\/strong> ou ressourcez-vous au bord d\u2019un <strong>lac alpin<\/strong> nich\u00e9 au c\u0153ur des sommets.<\/p>\n\n\n\n<p>Que vous soyez amateur de nature, de gastronomie ou de culture, <strong>Nax<\/strong> saura vous surprendre et rendre votre s\u00e9jour inoubliable.<\/p>\n","protected":false},"excerpt":{"rendered":"<p>Un territoire entre nature, patrimoine et saveurs S\u00e9journer chez nous, c\u2019est aussi profiter de tout ce que la r\u00e9gion de Nax a \u00e0 offrir. Bien s\u00fbr, vous pouvez simplement vous d\u00e9tendre et appr\u00e9cier le calme, ce que nous recommandons volontiers. Mais si l\u2019envie d\u2019explorer vous prend, vous trouverez ici une multitude d\u2019activit\u00e9s et de sites [&hellip;]<\/p>\n","protected":false},"author":1,"featured_media":1144,"parent":0,"menu_order":0,"comment_status":"closed","ping_status":"closed","template":"template-activities.php","meta":{"_acf_changed":false,"footnotes":""},"class_list":["post-2738","page","type-page","status-publish","has-post-thumbnail","hentry"],"acf":[],"_links":{"self":[{"href":"https:\/\/alpsafari.ch\/fr\/wp-json\/wp\/v2\/pages\/2738","targetHints":{"allow":["GET"]}}],"collection":[{"href":"https:\/\/alpsafari.ch\/fr\/wp-json\/wp\/v2\/pages"}],"about":[{"href":"https:\/\/alpsafari.ch\/fr\/wp-json\/wp\/v2\/types\/page"}],"author":[{"embeddable":true,"href":"https:\/\/alpsafari.ch\/fr\/wp-json\/wp\/v2\/users\/1"}],"replies":[{"embeddable":true,"href":"https:\/\/alpsafari.ch\/fr\/wp-json\/wp\/v2\/comments?post=2738"}],"version-history":[{"count":5,"href":"https:\/\/alpsafari.ch\/fr\/wp-json\/wp\/v2\/pages\/2738\/revisions"}],"predecessor-version":[{"id":3142,"href":"https:\/\/alpsafari.ch\/fr\/wp-json\/wp\/v2\/pages\/2738\/revisions\/3142"}],"wp:featuredmedia":[{"embeddable":true,"href":"https:\/\/alpsafari.ch\/fr\/wp-json\/wp\/v2\/media\/1144"}],"wp:attachment":[{"href":"https:\/\/alpsafari.ch\/fr\/wp-json\/wp\/v2\/media?parent=2738"}],"curies":[{"name":"wp","href":"https:\/\/api.w.org\/{rel}","templated":true}]}}