{"id":2732,"date":"2023-03-28T08:20:43","date_gmt":"2023-03-28T08:20:43","guid":{"rendered":"https:\/\/alpsafari.ch\/a-propos\/"},"modified":"2025-12-16T09:53:46","modified_gmt":"2025-12-16T09:53:46","slug":"a-propos","status":"publish","type":"page","link":"https:\/\/alpsafari.ch\/fr\/a-propos\/","title":{"rendered":"A propos"},"content":{"rendered":"\n<p>Fran (britannique) et Steph (valaisan) se sont rencontr\u00e9s en 2008 au Tchad. En 2018 &#8211; dix ans, trois autres missions humanitaires, deux enfants et un labrador chocolat plus tard &#8211; nous avons d\u00e9cid\u00e9 de quitter le secteur de l&rsquo;aide et de retourner en Suisse. Nous avons opt\u00e9 pour le Valais &#8211; plus proche de la famille de Steph et, nous l&rsquo;esp\u00e9rions, avec un meilleur \u00e9quilibre entre travail et vie priv\u00e9e dans la nature incroyable que le canton a \u00e0 offrir. <\/p>\n\n<p>Tous les week-ends, nous \u00e9tions \u00e0 la montagne \u2013 principalement le Val d\u2019H\u00e9rens, d\u2019o\u00f9 vient la famille de Steph. Et chaque week-end on se disait, il y a tant \u00e0 faire ici ! Nous avons pass\u00e9 un certain temps \u00e0 explorer diff\u00e9rentes possibilit\u00e9s, principalement dans le secteur du tourisme, mais nous nous sommes vite rendus comptes que la fa\u00e7on la plus rapide de faire quelque chose de cr\u00e9ative \u00e9tait de reprendre un camping\u2026 C\u2019est donc ce que nous avons fait! <\/p>\n\n<h2 class=\"wp-block-heading\">Camping Grand-Paradis to Alp Safari <\/h2>\n\n<p>Nous avons donc commenc\u00e9 \u00e0 chercher un camping \u00e0 reprendre. On a trouv\u00e9 un seul \u2013 le Camping Grand Paradis \u00e0 Nax en plein centre du Valais. La chance, la fortune, le hasard, le destin ont fait que ce camping se situait \u00e0 l\u2019entr\u00e9e du Val d\u2019H\u00e9rens, \u00e0 mi-chemin entre Sion, notre maison, et Saint-Martin, la commune d\u2019origine de Steph. Mieux encore, c\u2019est (nous pensons) le meilleur camping de tout le canton, situ\u00e9 \u00e0 plus de 1 000 m d\u2019altitude avec une vue \u00e0 couper le souffle et des terrasses ensoleill\u00e9es orient\u00e9es sud-ouest vers la vall\u00e9e du Rh\u00f4ne et les Alpes bernoises.&#13;\n<\/p>\n\n<p>Le camping a \u00e9t\u00e9 enti\u00e8rement construit il y a plus de 40 ans par la Famille Mayor, originaire de Bramois, qui a g\u00e9r\u00e9 le Camping Grand-Paradis jusqu\u2019en f\u00e9vrier 2021. Lorsque nous avons repris le site, la quasi-totalit\u00e9 des emplacements avait \u00e9t\u00e9 lou\u00e9e par des locataires de longue date et la gestion du restaurant et de la piscine avait \u00e9t\u00e9 externalis\u00e9e.&#13;\n<\/p>\n\n<p>Les Mayors nous ont racont\u00e9 les \u00e9t\u00e9s au Camping Grand-Paradis de leur jeunesse, o\u00f9 des familles hollandaises, allemandes, belges c\u00f4toyaient les campeurs suisses, et ils aidaient leurs grands-parents en cuisine. Nous esp\u00e9rons recr\u00e9er cette ambiance de libert\u00e9 en pleine nature, o\u00f9 les enfants se prom\u00e8nent pieds nus du matin au soir et les diff\u00e9rences de langue n\u2019emp\u00eachent pas la communication !&#13;\n<\/p>\n\n<p>En f\u00e9vrier 2021, nous avons lanc\u00e9 un programme de r\u00e9novation qui s\u2019\u00e9tendra sur plusieurs ann\u00e9es \u2013 jusqu\u2019\u00e0 pr\u00e9sent, nous nous sommes concentr\u00e9s sur l\u2019installation de nos fabuleuses tentes Safari, la mise \u00e0 jour du restaurant, le renouvellement de la piscine, le remplacement de l\u2019aire de jeux et l\u2019agrandissement des toilettes et douches.&#13;\n<\/p>\n\n<p>\u00c0 plus long terme, nous visons \u00e0 \u00ab rewild \u00bb le site avec des plantes et des arbres indig\u00e8nes, \u00e0 revisiter la structure du restaurant et \u00e0 explorer des options qui nous permettent d\u2019offrir des services de glamping et de camping toute l\u2019ann\u00e9e \u2013 car juste au-dessus de nous \u00e0 Mont-Noble, Nax se trouvent des pistes de ski fabuleuses\u2026 <\/p>\n\n<h2 class=\"wp-block-heading\">Alp Safari Camping &amp; H\u00e9bergement insolite<\/h2>\n\n<p>Aujourd\u2019hui, Alp Safari abrite une dizaine de tentes Safari et une trentaine d\u2019emplacements pour tentes, vans et camping-cars. Am\u00e9nag\u00e9 sur environ 30,000 m\u00e8tres carr\u00e9s de terrasses orient\u00e9es sud-ouest, il est parfait pour regarder les spectaculaires couchers de soleil sur la vall\u00e9e du Rh\u00f4ne. &#13;\n&#13;\n<\/p>\n\n<p>Alp Safari encourage la v\u00e9g\u00e9tation \u00e0 revenir \u00e0 un \u00e9tat plus naturel \u2013 plus de fleurs sauvages, plus d\u2019herbes hautes, plus d\u2019oiseaux et plus d\u2019abeilles ! Juste en dessous des for\u00eats alpines, nous avons un m\u00e9lange de bouleaux, de fr\u00eanes et de cerisiers sauvages qui assurent un ombrage naturel pour presque tous les emplacements, et nous sommes entour\u00e9s de terres agricoles et d\u2019arbres. Vous pourriez \u00eatre r\u00e9veill\u00e9 par les oiseaux, et pendant les mois d\u2019\u00e9t\u00e9, vous entendrez certainement les cloches des vaches des jeunes vaches dans les champs ci-dessous.&#13;\n<\/p>\n\n<p>En basse saison, quand c\u2019est plus calme, vous pourrez m\u00eame apercevoir quelques cerfs ou renards. Et \u00e0 tout moment de l\u2019ann\u00e9e, c\u2019est un endroit id\u00e9al pour observer les \u00e9toiles.<\/p>\n","protected":false},"excerpt":{"rendered":"<p>Fran (britannique) et Steph (valaisan) se sont rencontr\u00e9s en 2008 au Tchad. En 2018 &#8211; dix ans, trois autres missions humanitaires, deux enfants et un labrador chocolat plus tard &#8211; nous avons d\u00e9cid\u00e9 de quitter le secteur de l&rsquo;aide et de retourner en Suisse. Nous avons opt\u00e9 pour le Valais &#8211; plus proche de la [&hellip;]<\/p>\n","protected":false},"author":1,"featured_media":535,"parent":0,"menu_order":0,"comment_status":"closed","ping_status":"closed","template":"","meta":{"_acf_changed":false,"footnotes":""},"class_list":["post-2732","page","type-page","status-publish","has-post-thumbnail","hentry"],"acf":[],"_links":{"self":[{"href":"https:\/\/alpsafari.ch\/fr\/wp-json\/wp\/v2\/pages\/2732","targetHints":{"allow":["GET"]}}],"collection":[{"href":"https:\/\/alpsafari.ch\/fr\/wp-json\/wp\/v2\/pages"}],"about":[{"href":"https:\/\/alpsafari.ch\/fr\/wp-json\/wp\/v2\/types\/page"}],"author":[{"embeddable":true,"href":"https:\/\/alpsafari.ch\/fr\/wp-json\/wp\/v2\/users\/1"}],"replies":[{"embeddable":true,"href":"https:\/\/alpsafari.ch\/fr\/wp-json\/wp\/v2\/comments?post=2732"}],"version-history":[{"count":7,"href":"https:\/\/alpsafari.ch\/fr\/wp-json\/wp\/v2\/pages\/2732\/revisions"}],"predecessor-version":[{"id":3032,"href":"https:\/\/alpsafari.ch\/fr\/wp-json\/wp\/v2\/pages\/2732\/revisions\/3032"}],"wp:featuredmedia":[{"embeddable":true,"href":"https:\/\/alpsafari.ch\/fr\/wp-json\/wp\/v2\/media\/535"}],"wp:attachment":[{"href":"https:\/\/alpsafari.ch\/fr\/wp-json\/wp\/v2\/media?parent=2732"}],"curies":[{"name":"wp","href":"https:\/\/api.w.org\/{rel}","templated":true}]}}