{"id":163,"date":"2021-03-29T12:05:06","date_gmt":"2021-03-29T12:05:06","guid":{"rendered":"https:\/\/alpsafari.ch\/?page_id=163"},"modified":"2026-02-25T10:42:03","modified_gmt":"2026-02-25T10:42:03","slug":"camping-et-glamping-au-coeur-des-alpes-valaisannes","status":"publish","type":"page","link":"https:\/\/alpsafari.ch\/fr\/","title":{"rendered":"Alp Safari Nax"},"content":{"rendered":"\n<section class=\"section-sidetoside-text\">\n    <div class=\"container section-sidetoside-text--right\">\n        <div class=\"row\">\n            <div class=\"columns\">\n                <div class=\"column side-item--text\">\n                    <h2>Camping familiale avec piscine dans les Alpes Suisses<\/h2>\n                    <p>A pr\u00e8s de 1000m d\u2019altitude au c\u0153ur des Alpes Valaisannes, Alp Safari b\u00e9n\u00e9ficie de plus de 300 jours d\u2019ensoleillement par ann\u00e9es (c\u2019est vraiment vrai\u2026). Le confort douillet des tentes mix\u00e9 avec les fum\u00e9s des feux vous ferons glisser dans un bonheur tout simple et r\u00e9parateur, hiver comme \u00e9t\u00e9. Nax surplombe Sion. La capitale valaisanne aux trois ch\u00e2teaux m\u00e9di\u00e9vaux vous offrira de nombreuses terrasses sur lesquelles vous pourrez d\u00e9guster les vins locaux et d\u00e9couvrir son histoire mouvement\u00e9e et sa culture en pleine sant\u00e9. D\u00e9paysement garanti. Le Sud n\u2019est pas loin et se lit sur les murs de la vieille ville. Vous pourrez, une fois d\u00e9gris\u00e9s, d\u00e9valer les pentes en v\u00e9lo ou au contraire, marcher paisiblement vers les cabanes d\u2019altitude en d\u00e9vorant \u00e0 chaque pas un passage inoubliable. En deux mot, la region poss\u00e8de de nombreux cadeaux \u00e0 offrir \u00e0 chacun.e.<\/p>\n                <\/div>\n                <div class=\"column side-item--image\">\n                                            <picture>\n                            <source media=\"(min-width: 781px)\" srcset=\"https:\/\/alpsafari.ch\/wp-content\/uploads\/fly-images\/3399\/750bf844-3b42-4b6c-aaf6-71f0344c526e-1400x1294-c.jpeg 1x, https:\/\/alpsafari.ch\/wp-content\/uploads\/fly-images\/3399\/750bf844-3b42-4b6c-aaf6-71f0344c526e-1800x1663-c.jpeg 2x\">\n                            <source media=\"(max-width: 400px)\" srcset=\"https:\/\/alpsafari.ch\/wp-content\/uploads\/fly-images\/3399\/750bf844-3b42-4b6c-aaf6-71f0344c526e-400x400-c.jpeg 1x, https:\/\/alpsafari.ch\/wp-content\/uploads\/fly-images\/3399\/750bf844-3b42-4b6c-aaf6-71f0344c526e-973x899-c.jpeg 2x\">\n                            <img decoding=\"async\"  class=\"img-fluid\" loading=\"lazy\" src=\"https:\/\/alpsafari.ch\/wp-content\/uploads\/fly-images\/3399\/750bf844-3b42-4b6c-aaf6-71f0344c526e-1400x1294-c.jpeg\" alt=\"\">\n                        <\/picture>\n                                    <\/div>\n            <\/div>\n        <\/div>\n    <\/div>\n<\/section>\n\n<section id=\"section-accommodation\" class=\"row\">\n    <div class=\"inner\">\n        <div class=\"section-accommodation__description\">\n            <h2>H\u00e9bergements <\/h2>\n            <div>\n                <h3>Emplacements camping ou h\u00e9bergement insolite?<\/h3>\n                <p>Retour \u00e0 la nature, plaisir de dormir sous tente mais peu tent\u00e9 par des nuits \u00e0 la dure? Faites la connaissance de nos tentes qui ravirons les campeurs, des plus endurcis aux plus douillets. Pour les inconditionnels du camping traditionnel, nos emplacements nus sont toujours \u00e0 disposition.<\/p>\n            <\/div>\n        <\/div>\n\n        <div id=\"accommodation-cards-list\">\n                                                <div class=\"column accommodation-card\">\n                        <div class=\"img-wrapper\">\n                                                            <img decoding=\"async\" loading=\"lazy\" src=\"https:\/\/alpsafari.ch\/wp-content\/uploads\/fly-images\/235\/pitches-400x99999.png\" srcset=\"https:\/\/alpsafari.ch\/wp-content\/uploads\/fly-images\/235\/pitches-400x99999.png 1x, https:\/\/alpsafari.ch\/wp-content\/uploads\/fly-images\/235\/pitches-800x99999.png 2x\" alt=\"Les Emplacements\">\n                                                    <\/div>\n                        <div class=\"card-content-wrapper\">\n                            <h3>Le Cruso\u00e9 &#8211; la tente Safari \u00e0 6!<\/h3>\n                            <p>The sort of family camping even your grumpiest teen will love. Sleeps 4-6 and there\u2019s still space for the dog!<\/p>\n                                                            <a class=\"btn-primary\"  href=\"https:\/\/alpsafari.ch\/fr\/galleries\/la-crusoe\/\">See Pictures<\/a>\n                                                    <\/div>\n                    <\/div>\n\n                                    <div class=\"column accommodation-card\">\n                        <div class=\"img-wrapper\">\n                                                            <img decoding=\"async\" loading=\"lazy\" src=\"https:\/\/alpsafari.ch\/wp-content\/uploads\/fly-images\/239\/crusoe-400x99999.png\" srcset=\"https:\/\/alpsafari.ch\/wp-content\/uploads\/fly-images\/239\/crusoe-400x99999.png 1x, https:\/\/alpsafari.ch\/wp-content\/uploads\/fly-images\/239\/crusoe-800x99999.png 2x\" alt=\"Le Vendredi\">\n                                                    <\/div>\n                        <div class=\"card-content-wrapper\">\n                            <h3>Le Vendredi &#8211; notre tente Safari \u00e0 4<\/h3>\n                            <p>Tentes confortables pour couples, groupes et familles. 2-4 couchages avec espace bronzage sur la terrasse<\/p>\n                                                            <a class=\"btn-primary\"  href=\"https:\/\/alpsafari.ch\/fr\/galleries\/le-vendredi\/\">See Pictures<\/a>\n                                                    <\/div>\n                    <\/div>\n\n                                    <div class=\"column accommodation-card\">\n                        <div class=\"img-wrapper\">\n                                                            <img decoding=\"async\" loading=\"lazy\" src=\"https:\/\/alpsafari.ch\/wp-content\/uploads\/fly-images\/247\/baroudeur-400x99999.png\" srcset=\"https:\/\/alpsafari.ch\/wp-content\/uploads\/fly-images\/247\/baroudeur-400x99999.png 1x, https:\/\/alpsafari.ch\/wp-content\/uploads\/fly-images\/247\/baroudeur-800x99999.png 2x\" alt=\"Le Baroudeur\">\n                                                    <\/div>\n                        <div class=\"card-content-wrapper\">\n                            <h3>Le Baroudeur &#8211; h\u00e9bergement insolite \u00e0 deux!<\/h3>\n                            <p>Perfect for people on the move, with room for your climbing gear or your e-bikes.<\/p>\n                                                            <a class=\"btn-primary\"  href=\"https:\/\/alpsafari.ch\/fr\/galleries\/le-baroudeur\/\">See Pictures<\/a>\n                                                    <\/div>\n                    <\/div>\n\n                                    <div class=\"column accommodation-card\">\n                        <div class=\"img-wrapper\">\n                                                            <img decoding=\"async\" loading=\"lazy\" src=\"https:\/\/alpsafari.ch\/wp-content\/uploads\/fly-images\/235\/pitches-400x99999.png\" srcset=\"https:\/\/alpsafari.ch\/wp-content\/uploads\/fly-images\/235\/pitches-400x99999.png 1x, https:\/\/alpsafari.ch\/wp-content\/uploads\/fly-images\/235\/pitches-800x99999.png 2x\" alt=\"Les Emplacements\">\n                                                    <\/div>\n                        <div class=\"card-content-wrapper\">\n                            <h3>Emplacements &#8211; camping pour tentes, vans, caravans&#8230;<\/h3>\n                            <p>Vous avez votre mat\u00e9riel ? Faites votre choix parmi nos emplacements enti\u00e8rement \u00e9quip\u00e9s, avec vue sur la vall\u00e9e du Rh\u00f4ne.<\/p>\n                                                            <a class=\"btn-primary\"  href=\"https:\/\/alpsafari.ch\/fr\/galleries\/emplacements\/\">See Pictures<\/a>\n                                                    <\/div>\n                    <\/div>\n\n                                    <div class=\"column accommodation-card\">\n                        <div class=\"img-wrapper\">\n                                                            <img decoding=\"async\" loading=\"lazy\" src=\"https:\/\/alpsafari.ch\/wp-content\/uploads\/fly-images\/247\/baroudeur-400x99999.png\" srcset=\"https:\/\/alpsafari.ch\/wp-content\/uploads\/fly-images\/247\/baroudeur-400x99999.png 1x, https:\/\/alpsafari.ch\/wp-content\/uploads\/fly-images\/247\/baroudeur-800x99999.png 2x\" alt=\"Le Baroudeur\">\n                                                    <\/div>\n                        <div class=\"card-content-wrapper\">\n                            <h3>Le Cocoon &#8211; h\u00e9bergement insolite en couple<\/h3>\n                            <p>Le Baroudeur pour les couples ! Un lit digne d&rsquo;un roi et d&rsquo;une reine, deux rois, deux reines\u2026 De toute fa\u00e7on, c&rsquo;est super confortable et la vue sur les vall\u00e9es du Rh\u00f4ne et d&rsquo;H\u00e9rens est \u00e9patante !<\/p>\n                                                            <a class=\"btn-primary\"  href=\"https:\/\/alpsafari.ch\/fr\/galleries\/le-cocoon\/\">See Pictures<\/a>\n                                                    <\/div>\n                    <\/div>\n\n                                <a class=\"distributor\" href=\"https:\/\/api.mews.com\/distributor\/7615f8be-dc9f-4c6e-a0a1-ad1b00e41c18\" target=\"_blank\" rel=\"noopener noreferrer\">\n                    <span class=\"centered\" style=\"\">R\u00e9servation<span>\n                <\/a>\n                    <\/div>\n    <\/div>\n<\/section>\n\n<section class=\"section-sidetoside-text\">\n    <div class=\"container section-sidetoside-text--right\">\n        <div class=\"row\">\n            <div class=\"columns\">\n                <div class=\"column side-item--text\">\n                    <h2>D\u00e9couverte ou d\u00e9tente \u2013 \u00e0 vous de choisir<\/h2>\n                    <p>Se relaxer sous l\u2019ombrage des arbres \u00e0 deux pas de la piscine et admirer l\u2019extraordinaire vue qui s\u2019offre \u00e0 vous. D\u00e9guster notre s\u00e9lection de produits et des vins locaux. R\u00eaver sur la terrasse du bistrot en regardant le soleil plonger sous l\u2019horizon. Lire un bon bouquin devant votre tente. Transpirer sur la via ferrata voisine. Marcher prudemment sur les glaciers. Visiter les villages traditionnels du Val d\u2019H\u00e9rens (ou des vall\u00e9es voisines). Prendre son courage \u00e0 deux mains et glisser le long du cable de l\u2019extraordinaire tyrolienne du barrage de la Grande Dixence. La liste est encore longue et il y en a pour tous les go\u00fbts et humeurs quand vous restez dans notre camping familiale. <\/p>\n                <\/div>\n                <div class=\"column side-item--image\">\n                                            <picture>\n                            <source media=\"(min-width: 781px)\" srcset=\"https:\/\/alpsafari.ch\/wp-content\/uploads\/fly-images\/3529\/IMG_4767-scaled-1400x1294-c.jpeg 1x, https:\/\/alpsafari.ch\/wp-content\/uploads\/fly-images\/3529\/IMG_4767-scaled-1800x1663-c.jpeg 2x\">\n                            <source media=\"(max-width: 400px)\" srcset=\"https:\/\/alpsafari.ch\/wp-content\/uploads\/fly-images\/3529\/IMG_4767-scaled-400x400-c.jpeg 1x, https:\/\/alpsafari.ch\/wp-content\/uploads\/fly-images\/3529\/IMG_4767-scaled-973x899-c.jpeg 2x\">\n                            <img decoding=\"async\"  class=\"img-fluid\" loading=\"lazy\" src=\"https:\/\/alpsafari.ch\/wp-content\/uploads\/fly-images\/3529\/IMG_4767-scaled-1400x1294-c.jpeg\" alt=\"\">\n                        <\/picture>\n                                    <\/div>\n            <\/div>\n        <\/div>\n    <\/div>\n<\/section>\n\n<section class=\"section-sidetoside-text\">\n    <div class=\"container section-sidetoside-text--left\">\n        <div class=\"row\">\n            <div class=\"columns\">\n                <div class=\"column side-item--text\">\n                    <h2>C&rsquo;est super simple<\/h2>\n                    <p>R\u00eaver sous le bruissement des branches, du vent et du tambouriner de la pluie (c\u2019est rare) sur la toile de votre tente. Apercevoir des biches passer dans les bois, se r\u00e9veiller au lever du soleil qui colore la cimes des sommets voisins en croquant un petit d\u00e9jeuner accompagn\u00e9 d\u2019un solide caf\u00e9. A Alp Safari, nous souhaitons partager avec vous les plaisirs simples d\u2019un tourisme doux qui contribue activement \u00e0 la pr\u00e9servation et \u00e0 la beaut\u00e9 de notre environnement.<\/p>\n                <\/div>\n                <div class=\"column side-item--image\">\n                                            <picture>\n                            <source media=\"(min-width: 781px)\" srcset=\"https:\/\/alpsafari.ch\/wp-content\/uploads\/fly-images\/3431\/IMG_1537-scaled-1400x1294-c.jpeg 1x, https:\/\/alpsafari.ch\/wp-content\/uploads\/fly-images\/3431\/IMG_1537-scaled-1800x1663-c.jpeg 2x\">\n                            <source media=\"(max-width: 400px)\" srcset=\"https:\/\/alpsafari.ch\/wp-content\/uploads\/fly-images\/3431\/IMG_1537-scaled-400x400-c.jpeg 1x, https:\/\/alpsafari.ch\/wp-content\/uploads\/fly-images\/3431\/IMG_1537-scaled-973x899-c.jpeg 2x\">\n                            <img decoding=\"async\"  class=\"img-fluid\" loading=\"lazy\" src=\"https:\/\/alpsafari.ch\/wp-content\/uploads\/fly-images\/3431\/IMG_1537-scaled-1400x1294-c.jpeg\" alt=\"\">\n                        <\/picture>\n                                    <\/div>\n            <\/div>\n        <\/div>\n    <\/div>\n<\/section>\n","protected":false},"excerpt":{"rendered":"","protected":false},"author":1,"featured_media":231,"parent":0,"menu_order":0,"comment_status":"closed","ping_status":"closed","template":"","meta":{"_acf_changed":false,"footnotes":""},"class_list":["post-163","page","type-page","status-publish","has-post-thumbnail","hentry"],"acf":[],"_links":{"self":[{"href":"https:\/\/alpsafari.ch\/fr\/wp-json\/wp\/v2\/pages\/163","targetHints":{"allow":["GET"]}}],"collection":[{"href":"https:\/\/alpsafari.ch\/fr\/wp-json\/wp\/v2\/pages"}],"about":[{"href":"https:\/\/alpsafari.ch\/fr\/wp-json\/wp\/v2\/types\/page"}],"author":[{"embeddable":true,"href":"https:\/\/alpsafari.ch\/fr\/wp-json\/wp\/v2\/users\/1"}],"replies":[{"embeddable":true,"href":"https:\/\/alpsafari.ch\/fr\/wp-json\/wp\/v2\/comments?post=163"}],"version-history":[{"count":61,"href":"https:\/\/alpsafari.ch\/fr\/wp-json\/wp\/v2\/pages\/163\/revisions"}],"predecessor-version":[{"id":3574,"href":"https:\/\/alpsafari.ch\/fr\/wp-json\/wp\/v2\/pages\/163\/revisions\/3574"}],"wp:featuredmedia":[{"embeddable":true,"href":"https:\/\/alpsafari.ch\/fr\/wp-json\/wp\/v2\/media\/231"}],"wp:attachment":[{"href":"https:\/\/alpsafari.ch\/fr\/wp-json\/wp\/v2\/media?parent=163"}],"curies":[{"name":"wp","href":"https:\/\/api.w.org\/{rel}","templated":true}]}}