{"id":2819,"date":"2023-04-19T16:47:25","date_gmt":"2023-04-19T16:47:25","guid":{"rendered":"https:\/\/alpsafari.ch\/alp-safari-nax\/"},"modified":"2026-02-25T10:41:58","modified_gmt":"2026-02-25T10:41:58","slug":"alp-safari-nax","status":"publish","type":"page","link":"https:\/\/alpsafari.ch\/de\/","title":{"rendered":"Alp Safari Nax"},"content":{"rendered":"\n<section class=\"section-sidetoside-text\">\n    <div class=\"container section-sidetoside-text--right\">\n        <div class=\"row\">\n            <div class=\"columns\">\n                <div class=\"column side-item--text\">\n                    <h2><\/h2>\n                    <p>Alp Safari ist einer der sch\u00f6nsten Camping- und Glamping-Pl\u00e4tze der Schweiz. W\u00e4hlen Sie auf \u00fcber 1000 m H\u00f6he im Herzen der Alpenregion Wallis in der Schweiz zwischen luxuri\u00f6sen Safari-Zelten oder schattigen Stellpl\u00e4tzen, um den Blick \u00fcber das Rhonetal zu genie\u00dfen, w\u00e4hrend Sie Ihre Sorgen am Lagerfeuer oder am Swimmingpool dahinschmelzen lassen.rnrnNax liegt am \u00e4u\u00dfersten Rand des unber\u00fchrten Val d&#8217;H\u00e9rens, mit Blick auf die Walliser Hauptstadt Sion und es ist nicht eine, sondern drei mittelalterliche Burgen. Ob Weinproben und handwerkliche Brauereien, Musikfestivals und kulturelles Erbe, alpines Radfahren und Gletschertrekking oder einfach nur Entspannen in der atemberaubenden Umgebung, die Region hat f\u00fcr jeden etwas zu bieten.<\/p>\n                <\/div>\n                <div class=\"column side-item--image\">\n                                            <picture>\n                            <source media=\"(min-width: 781px)\" srcset=\"https:\/\/alpsafari.ch\/wp-content\/uploads\/fly-images\/3400\/750bf844-3b42-4b6c-aaf6-71f0344c526e-1400x1294-c.jpeg 1x, https:\/\/alpsafari.ch\/wp-content\/uploads\/fly-images\/3400\/750bf844-3b42-4b6c-aaf6-71f0344c526e-1800x1663-c.jpeg 2x\">\n                            <source media=\"(max-width: 400px)\" srcset=\"https:\/\/alpsafari.ch\/wp-content\/uploads\/fly-images\/3400\/750bf844-3b42-4b6c-aaf6-71f0344c526e-400x400-c.jpeg 1x, https:\/\/alpsafari.ch\/wp-content\/uploads\/fly-images\/3400\/750bf844-3b42-4b6c-aaf6-71f0344c526e-973x899-c.jpeg 2x\">\n                            <img decoding=\"async\"  class=\"img-fluid\" loading=\"lazy\" src=\"https:\/\/alpsafari.ch\/wp-content\/uploads\/fly-images\/3400\/750bf844-3b42-4b6c-aaf6-71f0344c526e-1400x1294-c.jpeg\" alt=\"\">\n                        <\/picture>\n                                    <\/div>\n            <\/div>\n        <\/div>\n    <\/div>\n<\/section>\n\n<section id=\"section-accommodation\" class=\"row\">\n    <div class=\"inner\">\n        <div class=\"section-accommodation__description\">\n            <h2>Unterkunft<\/h2>\n            <div>\n                <h3>Komfort oder Komfort?<\/h3>\n                <p>Sie m\u00f6chten zur\u00fcck zur Natur, aber nicht auf dem Boden schlafen? Wir bieten gem\u00fctliche Zeltunterk\u00fcnfte f\u00fcr alle Camper, von abgebr\u00fchten bis zu uneingeweihten (die ganz Abgeh\u00e4rteten k\u00f6nnen sich unsere Stellpl\u00e4tze ansehen).<\/p>\n            <\/div>\n        <\/div>\n\n        <div id=\"accommodation-cards-list\">\n                                                <div class=\"column accommodation-card\">\n                        <div class=\"img-wrapper\">\n                                                            <img decoding=\"async\" loading=\"lazy\" src=\"https:\/\/alpsafari.ch\/wp-content\/uploads\/fly-images\/1953\/vendredi-400x99999.png\" srcset=\"https:\/\/alpsafari.ch\/wp-content\/uploads\/fly-images\/1953\/vendredi-400x99999.png 1x, https:\/\/alpsafari.ch\/wp-content\/uploads\/fly-images\/1953\/vendredi-800x99999.png 2x\" alt=\"\">\n                                                    <\/div>\n                        <div class=\"card-content-wrapper\">\n                            <h3>Le Cruso\u00e9<\/h3>\n                            <p>Die Art von Familiencamping, das selbst Ihr m\u00fcrrischster Teenager lieben wird. 4-6 Schlafpl\u00e4tze und noch Platz f\u00fcr den Hund!<\/p>\n                                                            <a class=\"btn-primary\"  href=\"https:\/\/alpsafari.ch\/de\/galleries\/la-crusoe\/\">See Pictures<\/a>\n                                                    <\/div>\n                    <\/div>\n\n                                    <div class=\"column accommodation-card\">\n                        <div class=\"img-wrapper\">\n                                                            <img decoding=\"async\" loading=\"lazy\" src=\"https:\/\/alpsafari.ch\/wp-content\/uploads\/fly-images\/1952\/crusoe-400x99999.png\" srcset=\"https:\/\/alpsafari.ch\/wp-content\/uploads\/fly-images\/1952\/crusoe-400x99999.png 1x, https:\/\/alpsafari.ch\/wp-content\/uploads\/fly-images\/1952\/crusoe-800x99999.png 2x\" alt=\"\">\n                                                    <\/div>\n                        <div class=\"card-content-wrapper\">\n                            <h3>Le Vendredi<\/h3>\n                            <p>Gem\u00fctliche Zelte f\u00fcr Paare, Gruppen und Familien. 2-4 Schlafpl\u00e4tze mit Liegewiese auf der Terrasse<\/p>\n                                                            <a class=\"btn-primary\"  href=\"https:\/\/alpsafari.ch\/de\/galleries\/le-vendredi\/\">See Pictures<\/a>\n                                                    <\/div>\n                    <\/div>\n\n                                    <div class=\"column accommodation-card\">\n                        <div class=\"img-wrapper\">\n                                                            <img decoding=\"async\" loading=\"lazy\" src=\"https:\/\/alpsafari.ch\/wp-content\/uploads\/fly-images\/1954\/baroudeur-400x99999.png\" srcset=\"https:\/\/alpsafari.ch\/wp-content\/uploads\/fly-images\/1954\/baroudeur-400x99999.png 1x, https:\/\/alpsafari.ch\/wp-content\/uploads\/fly-images\/1954\/baroudeur-800x99999.png 2x\" alt=\"\">\n                                                    <\/div>\n                        <div class=\"card-content-wrapper\">\n                            <h3>Le Baroudeur<\/h3>\n                            <p>Perfekt f\u00fcr unterwegs, mit Platz f\u00fcr deine Kletterausr\u00fcstung oder deine E-Bikes.<\/p>\n                                                            <a class=\"btn-primary\"  href=\"https:\/\/alpsafari.ch\/de\/galleries\/le-baroudeur\/\">See Pictures<\/a>\n                                                    <\/div>\n                    <\/div>\n\n                                    <div class=\"column accommodation-card\">\n                        <div class=\"img-wrapper\">\n                                                            <img decoding=\"async\" loading=\"lazy\" src=\"https:\/\/alpsafari.ch\/wp-content\/uploads\/fly-images\/1950\/pitches-400x99999.png\" srcset=\"https:\/\/alpsafari.ch\/wp-content\/uploads\/fly-images\/1950\/pitches-400x99999.png 1x, https:\/\/alpsafari.ch\/wp-content\/uploads\/fly-images\/1950\/pitches-800x99999.png 2x\" alt=\"\">\n                                                    <\/div>\n                        <div class=\"card-content-wrapper\">\n                            <h3>Stellplatz<\/h3>\n                            <p>Haben Sie Ihre Ausr\u00fcstung? W\u00e4hlen Sie aus unseren voll ausgestatteten Stellpl\u00e4tzen mit Blick auf das Rhonetal.<\/p>\n                                                            <a class=\"btn-primary\"  href=\"https:\/\/alpsafari.ch\/de\/galleries\/stellplaetze\/\">See Pictures<\/a>\n                                                    <\/div>\n                    <\/div>\n\n                                    <div class=\"column accommodation-card\">\n                        <div class=\"img-wrapper\">\n                                                            <img decoding=\"async\" loading=\"lazy\" src=\"https:\/\/alpsafari.ch\/wp-content\/uploads\/fly-images\/1954\/baroudeur-400x99999.png\" srcset=\"https:\/\/alpsafari.ch\/wp-content\/uploads\/fly-images\/1954\/baroudeur-400x99999.png 1x, https:\/\/alpsafari.ch\/wp-content\/uploads\/fly-images\/1954\/baroudeur-800x99999.png 2x\" alt=\"\">\n                                                    <\/div>\n                        <div class=\"card-content-wrapper\">\n                            <h3>Le Cocoon<\/h3>\n                            <p>Der Baroudeur f\u00fcr Paare! Ein Bett f\u00fcr K\u00f6nig und K\u00f6nigin, zwei K\u00f6nige, zwei K\u00f6niginnen \u2026 so oder so ist es super gem\u00fctlich mit Ihrer pers\u00f6nlichen Feuerstelle und Blick ins Tal!<\/p>\n                                                            <a class=\"btn-primary\"  href=\"https:\/\/alpsafari.ch\/de\/galleries\/le-cocoon\/\">See Pictures<\/a>\n                                                    <\/div>\n                    <\/div>\n\n                                <a class=\"distributor\" href=\"https:\/\/api.mews.com\/distributor\/7615f8be-dc9f-4c6e-a0a1-ad1b00e41c18\" target=\"_blank\" rel=\"noopener noreferrer\">\n                    <span class=\"centered\" style=\"\">Reservation<span>\n                <\/a>\n                    <\/div>\n    <\/div>\n<\/section>\n\n<section class=\"section-sidetoside-text\">\n    <div class=\"container section-sidetoside-text--right\">\n        <div class=\"row\">\n            <div class=\"columns\">\n                <div class=\"column side-item--text\">\n                    <h2>Entfliehen oder erkunden: Sie haben die Wahl<\/h2>\n                    <p>Entspannen Sie unter den B\u00e4umen am beheizten Pool und bewundern Sie die Aussicht; probieren Sie unsere Auswahl an regionalen Spezialit\u00e4ten und Weinen; Beobachten Sie den Sonnenuntergang von unserer perfekt positionierten Sundowner-Lounge aus; Machen Sie es sich mit einem guten Buch auf Ihrer eigenen Terrasse gem\u00fctlich oder erklimmen Sie einen Klettersteig. fahren Sie auf die VTT-Trails; auf Gletschern wandern; eine Bergh\u00fctte besuchen; eine H\u00f6hle im Wald bauen; machen Sie ein Picknick und paddeln Sie in den eisigen Gew\u00e4ssern der Borgne; bereisen Sie die traditionellen Alpend\u00f6rfer; zipline die h\u00f6chste staumauer europas: hier ist f\u00fcr jeden was dabei.<\/p>\n                <\/div>\n                <div class=\"column side-item--image\">\n                                            <picture>\n                            <source media=\"(min-width: 781px)\" srcset=\"https:\/\/alpsafari.ch\/wp-content\/uploads\/fly-images\/3530\/IMG_4767-scaled-1400x1294-c.jpeg 1x, https:\/\/alpsafari.ch\/wp-content\/uploads\/fly-images\/3530\/IMG_4767-scaled-1800x1663-c.jpeg 2x\">\n                            <source media=\"(max-width: 400px)\" srcset=\"https:\/\/alpsafari.ch\/wp-content\/uploads\/fly-images\/3530\/IMG_4767-scaled-400x400-c.jpeg 1x, https:\/\/alpsafari.ch\/wp-content\/uploads\/fly-images\/3530\/IMG_4767-scaled-973x899-c.jpeg 2x\">\n                            <img decoding=\"async\"  class=\"img-fluid\" loading=\"lazy\" src=\"https:\/\/alpsafari.ch\/wp-content\/uploads\/fly-images\/3530\/IMG_4767-scaled-1400x1294-c.jpeg\" alt=\"\">\n                        <\/picture>\n                                    <\/div>\n            <\/div>\n        <\/div>\n    <\/div>\n<\/section>\n\n<section class=\"section-sidetoside-text\">\n    <div class=\"container section-sidetoside-text--left\">\n        <div class=\"row\">\n            <div class=\"columns\">\n                <div class=\"column side-item--text\">\n                    <h2>Es ist ziemlich einfach<\/h2>\n                    <p>H\u00f6ren Sie den Wind in den B\u00e4umen und (wenn Sie sehr viel Gl\u00fcck haben) den Regen auf Ihrem Zeltdach. Beobachten Sie in der Abendd\u00e4mmerung die Rehe im Wald, wachen Sie mit dem Sonnenaufgang hinter den Bergen auf (nat\u00fcrlich mit frischen Croissants und hei\u00dfem Kaffee).rnrnHier bei Alp Safari m\u00f6chten wir den Ferienspa\u00df teilen und gleichzeitig ein kleiner Teil eines sanfteren, gr\u00fcneren Tourismus sein, der positiv zur sch\u00f6nen Region Wallis beitr\u00e4gt.<\/p>\n                <\/div>\n                <div class=\"column side-item--image\">\n                                            <picture>\n                            <source media=\"(min-width: 781px)\" srcset=\"https:\/\/alpsafari.ch\/wp-content\/uploads\/fly-images\/3432\/IMG_1537-scaled-1400x1294-c.jpeg 1x, https:\/\/alpsafari.ch\/wp-content\/uploads\/fly-images\/3432\/IMG_1537-scaled-1800x1663-c.jpeg 2x\">\n                            <source media=\"(max-width: 400px)\" srcset=\"https:\/\/alpsafari.ch\/wp-content\/uploads\/fly-images\/3432\/IMG_1537-scaled-400x400-c.jpeg 1x, https:\/\/alpsafari.ch\/wp-content\/uploads\/fly-images\/3432\/IMG_1537-scaled-973x899-c.jpeg 2x\">\n                            <img decoding=\"async\"  class=\"img-fluid\" loading=\"lazy\" src=\"https:\/\/alpsafari.ch\/wp-content\/uploads\/fly-images\/3432\/IMG_1537-scaled-1400x1294-c.jpeg\" alt=\"\">\n                        <\/picture>\n                                    <\/div>\n            <\/div>\n        <\/div>\n    <\/div>\n<\/section>\n","protected":false},"excerpt":{"rendered":"","protected":false},"author":1,"featured_media":1949,"parent":0,"menu_order":0,"comment_status":"closed","ping_status":"closed","template":"","meta":{"_acf_changed":false,"footnotes":""},"class_list":["post-2819","page","type-page","status-publish","has-post-thumbnail","hentry"],"acf":[],"_links":{"self":[{"href":"https:\/\/alpsafari.ch\/de\/wp-json\/wp\/v2\/pages\/2819","targetHints":{"allow":["GET"]}}],"collection":[{"href":"https:\/\/alpsafari.ch\/de\/wp-json\/wp\/v2\/pages"}],"about":[{"href":"https:\/\/alpsafari.ch\/de\/wp-json\/wp\/v2\/types\/page"}],"author":[{"embeddable":true,"href":"https:\/\/alpsafari.ch\/de\/wp-json\/wp\/v2\/users\/1"}],"replies":[{"embeddable":true,"href":"https:\/\/alpsafari.ch\/de\/wp-json\/wp\/v2\/comments?post=2819"}],"version-history":[{"count":2,"href":"https:\/\/alpsafari.ch\/de\/wp-json\/wp\/v2\/pages\/2819\/revisions"}],"predecessor-version":[{"id":3573,"href":"https:\/\/alpsafari.ch\/de\/wp-json\/wp\/v2\/pages\/2819\/revisions\/3573"}],"wp:featuredmedia":[{"embeddable":true,"href":"https:\/\/alpsafari.ch\/de\/wp-json\/wp\/v2\/media\/1949"}],"wp:attachment":[{"href":"https:\/\/alpsafari.ch\/de\/wp-json\/wp\/v2\/media?parent=2819"}],"curies":[{"name":"wp","href":"https:\/\/api.w.org\/{rel}","templated":true}]}}