{"id":2754,"date":"2023-03-29T12:50:47","date_gmt":"2023-03-29T12:50:47","guid":{"rendered":"https:\/\/alpsafari.ch\/der-campingplatz\/"},"modified":"2026-03-26T13:49:29","modified_gmt":"2026-03-26T13:49:29","slug":"der-campingplatz","status":"publish","type":"page","link":"https:\/\/alpsafari.ch\/de\/der-campingplatz\/","title":{"rendered":"Der Campingplatz"},"content":{"rendered":"\n<p>Auf \u00fcber 1.000 m H\u00f6he beherbergt das Gel\u00e4nde selbst ein Dutzend Glamping-Safarizelte und rund 30 Stellpl\u00e4tze f\u00fcr Zelte, Vans und Wohnmobile. Auf \u00fcber 26.000 Quadratmetern nach S\u00fcdwesten ausgerichteter \u201eTerrassen\u201c ist es perfekt f\u00fcr spektakul\u00e4re Sonnenunterg\u00e4nge in den Alpen im Rhonetal (und stellt sicher, dass niemand die Nachbarn beobachten muss). Wir sind 20 Autominuten von Sion entfernt, mit \u00f6ffentlichen Verkehrsmitteln, die vom Bahnhof Sion direkt zum Standort f\u00fchren und uns mit dem Dorf Nax direkt dar\u00fcber verbinden, wo Sie eine B\u00e4ckerei, einen Supermarkt, verschiedene Restaurants und Nax&#8216; eigenen Handwerker finden Brauerei!<\/p>\n\n\n\n<p>Alp Safari f\u00f6rdert bewusst die R\u00fcckkehr der Vegetation in einen nat\u00fcrlicheren Zustand &#8211; mehr wilde Blumen, mehr hohes Gras, mehr V\u00f6gel und mehr Bienen! Knapp unterhalb der H\u00f6hen der Alpenw\u00e4lder haben wir eine Mischung aus Birken, Eschen und wilden Kirschb\u00e4umen, die fast allen Stellpl\u00e4tzen nat\u00fcrlichen Schatten spenden und von Ackerland oder brachliegenden Feldern und B\u00e4umen umgeben sind. Sie werden vielleicht von den V\u00f6geln geweckt, und in den Sommermonaten werden Sie auf jeden Fall die Kuhglocken der jungen K\u00fche auf den Feldern unten h\u00f6ren. In der Nebensaison, wenn es ruhiger ist, k\u00f6nnen Sie vielleicht sogar das eine oder andere Reh oder einen Fuchs entdecken. Und zu jeder Jahreszeit ist es ein gro\u00dfartiger Ort, um Sterne zu beobachten.<\/p>\n\n\n\n<figure class=\"wp-block-image size-large\"><img loading=\"lazy\" decoding=\"async\" width=\"1024\" height=\"763\" src=\"https:\/\/alpsafari.ch\/wp-content\/uploads\/2026\/03\/7-autoc-plancamping_2125x1585-1024x763.jpg\" alt=\"\" class=\"wp-image-3579\" srcset=\"https:\/\/alpsafari.ch\/wp-content\/uploads\/2026\/03\/7-autoc-plancamping_2125x1585-1024x763.jpg 1024w, https:\/\/alpsafari.ch\/wp-content\/uploads\/2026\/03\/7-autoc-plancamping_2125x1585-300x223.jpg 300w, https:\/\/alpsafari.ch\/wp-content\/uploads\/2026\/03\/7-autoc-plancamping_2125x1585-768x573.jpg 768w, https:\/\/alpsafari.ch\/wp-content\/uploads\/2026\/03\/7-autoc-plancamping_2125x1585-1536x1145.jpg 1536w, https:\/\/alpsafari.ch\/wp-content\/uploads\/2026\/03\/7-autoc-plancamping_2125x1585-2048x1527.jpg 2048w\" sizes=\"auto, (max-width: 1024px) 100vw, 1024px\" \/><\/figure>\n\n\n\n<h2 class=\"wp-block-heading\">Swimmingpool &amp; Garten<\/h2>\n\n\n\n<p>Alp Safari hat einen fabelhaften schattigen Garten direkt in der Mitte des Gel\u00e4ndes, wo Sie unseren Au\u00dfenpool, bequeme St\u00fchle und Liegest\u00fchle und sogar die eine oder andere H\u00e4ngematte sowie den Spielbereich und die Schaukel finden. Ein Vintage-Fu\u00dfbol steht normalerweise irgendwo unter den B\u00e4umen.<\/p>\n\n\n\n<p>Das Freibad ist derzeit nur in den Sommermonaten ge\u00f6ffnet &#8211; weitere Anfragen zum Kaltwasserschwimmen stehen noch aus! Mit einer unglaublichen Aussicht \u00fcber das Tal ist das Becken nicht beheizt \u2013 die Durchschnittstemperatur kann je nach Wetterlage zwischen 15 \u00b0C und 24 \u00b0C schwanken. Wir verzichten bewusst auf eine \u00dcberhitzung, um den Chlorbedarf zu begrenzen. Eine Eingangst\u00fcr verhindert, dass unbegleitete Kinder vom Garten aus den Poolbereich betreten.<\/p>\n\n\n\n<p>In der Nebensaison kann das Schwimmbad f\u00fcr die \u00d6ffentlichkeit zug\u00e4nglich sein.<\/p>\n\n\n\n<figure class=\"wp-block-gallery alignwide has-nested-images columns-default is-cropped wp-block-gallery-1 is-layout-flex wp-block-gallery-is-layout-flex\">\n<figure class=\"wp-block-image size-medium\"><img loading=\"lazy\" decoding=\"async\" width=\"300\" height=\"225\" data-id=\"1784\" src=\"https:\/\/alpsafari.ch\/wp-content\/uploads\/2022\/12\/IMG_3330-300x225.jpeg\" alt=\"\" class=\"wp-image-1784\" srcset=\"https:\/\/alpsafari.ch\/wp-content\/uploads\/2022\/12\/IMG_3330-300x225.jpeg 300w, https:\/\/alpsafari.ch\/wp-content\/uploads\/2022\/12\/IMG_3330.jpeg 1024w, https:\/\/alpsafari.ch\/wp-content\/uploads\/2022\/12\/IMG_3330-768x576.jpeg 768w, https:\/\/alpsafari.ch\/wp-content\/uploads\/2022\/12\/IMG_3330-1536x1152.jpeg 1536w, https:\/\/alpsafari.ch\/wp-content\/uploads\/2022\/12\/IMG_3330-2048x1536.jpeg 2048w\" sizes=\"auto, (max-width: 300px) 100vw, 300px\" \/><\/figure>\n\n\n\n<figure class=\"wp-block-image size-medium\"><img loading=\"lazy\" decoding=\"async\" width=\"300\" height=\"200\" data-id=\"2943\" src=\"https:\/\/alpsafari.ch\/wp-content\/uploads\/2024\/05\/C30D8B9D-B71D-4B8F-9F76-82902BEA06B6_1_105_c-300x200.jpeg\" alt=\"Safari tents - h\u00e9bergement insolite - ungew\u00f6hnliche Unterkunft - Glamping\" class=\"wp-image-2943\" srcset=\"https:\/\/alpsafari.ch\/wp-content\/uploads\/2024\/05\/C30D8B9D-B71D-4B8F-9F76-82902BEA06B6_1_105_c-300x200.jpeg 300w, https:\/\/alpsafari.ch\/wp-content\/uploads\/2024\/05\/C30D8B9D-B71D-4B8F-9F76-82902BEA06B6_1_105_c-1024x682.jpeg 1024w, https:\/\/alpsafari.ch\/wp-content\/uploads\/2024\/05\/C30D8B9D-B71D-4B8F-9F76-82902BEA06B6_1_105_c-768x512.jpeg 768w, https:\/\/alpsafari.ch\/wp-content\/uploads\/2024\/05\/C30D8B9D-B71D-4B8F-9F76-82902BEA06B6_1_105_c-1536x1024.jpeg 1536w, https:\/\/alpsafari.ch\/wp-content\/uploads\/2024\/05\/C30D8B9D-B71D-4B8F-9F76-82902BEA06B6_1_105_c-2048x1365.jpeg 2048w, https:\/\/alpsafari.ch\/wp-content\/uploads\/2024\/05\/C30D8B9D-B71D-4B8F-9F76-82902BEA06B6_1_105_c.jpeg 1086w\" sizes=\"auto, (max-width: 300px) 100vw, 300px\" \/><\/figure>\n<\/figure>\n\n\n\n<h2 class=\"wp-block-heading\">Restaurant<\/h2>\n\n\n\n<p>Wir betreiben vor Ort ein kleines Restaurant mit Sitzgelegenheiten im Freien auf zwei Terrassen mit Blick auf den Pool und Sitzgelegenheiten im Innenbereich in einem gem\u00fctlichen Raum mit Holzofen f\u00fcr k\u00fchlere Tage. Die \u00d6ffnungszeiten k\u00f6nnen je nach Saison variieren, in der Hochsaison sind die \u00d6ffnungszeiten in der Regel jedoch von 10 bis 22 Uhr. Die Nebensaison ist nur auf Wochenendabende beschr\u00e4nkt. Wir verwenden lokale Produkte aus der Region und bieten einen Mix aus Sharing-Platten \u2013 assiette valaisanne, ger\u00e4ucherte Forelle, Frischk\u00e4se \u2013 und Abendgerichten wie Burgern, unserer hauseigenen \u201eNendette\u201c und anschliessenden hausgemachten Desserts. Alle unsere Speisen werden frisch vor Ort zubereitet. Au\u00dferdem haben wir eine hervorragende Auswahl an lokalen Weinen, die ber\u00fchmten Morand-Sirupe und eine kleine Cocktailkarte \u2013 perfekt, um den Sonnenuntergang von den Sesseln auf der Terrasse aus zu beobachten! Unser Team hilft Ihnen gerne beim Essen zum Mitnehmen \u2013 ob ein Teller Pommes zum Grillen oder die gesamte Mahlzeit \u2026<\/p>\n\n\n\n<p>Das ganze Jahr \u00fcber k\u00f6nnen wir Ihnen auch einen kleinen Camperladen anbieten, in dem Sie Campingartikel finden, sowie einen Br\u00f6tchen- und Fr\u00fchst\u00fccksservice f\u00fcr den Morgen und verschiedene Lebensmittelkorboptionen in der Nebensaison. Au\u00dferhalb der Hochsaison ist ein Wochenend-Aperitif an der Bar immer eine Option, dazu eine Assiette Valaisanne und je nach Teilnehmerzahl auch Raclette-Abende am Wochenende.<\/p>\n\n\n\n<figure class=\"wp-block-gallery alignwide has-nested-images columns-default is-cropped wp-block-gallery-2 is-layout-flex wp-block-gallery-is-layout-flex\">\n<figure class=\"wp-block-image size-large\"><img loading=\"lazy\" decoding=\"async\" width=\"1024\" height=\"682\" data-id=\"2916\" src=\"https:\/\/alpsafari.ch\/wp-content\/uploads\/2024\/05\/E7EAB3B1-C947-4627-845A-80AC86C358F9_1_105_c-1024x682.jpeg\" alt=\"REstaurant\" class=\"wp-image-2916\" srcset=\"https:\/\/alpsafari.ch\/wp-content\/uploads\/2024\/05\/E7EAB3B1-C947-4627-845A-80AC86C358F9_1_105_c-1024x682.jpeg 1024w, https:\/\/alpsafari.ch\/wp-content\/uploads\/2024\/05\/E7EAB3B1-C947-4627-845A-80AC86C358F9_1_105_c-300x200.jpeg 300w, https:\/\/alpsafari.ch\/wp-content\/uploads\/2024\/05\/E7EAB3B1-C947-4627-845A-80AC86C358F9_1_105_c-768x512.jpeg 768w, https:\/\/alpsafari.ch\/wp-content\/uploads\/2024\/05\/E7EAB3B1-C947-4627-845A-80AC86C358F9_1_105_c-1536x1024.jpeg 1536w, https:\/\/alpsafari.ch\/wp-content\/uploads\/2024\/05\/E7EAB3B1-C947-4627-845A-80AC86C358F9_1_105_c-2048x1365.jpeg 2048w, https:\/\/alpsafari.ch\/wp-content\/uploads\/2024\/05\/E7EAB3B1-C947-4627-845A-80AC86C358F9_1_105_c.jpeg 1086w\" sizes=\"auto, (max-width: 1024px) 100vw, 1024px\" \/><\/figure>\n\n\n\n<figure class=\"wp-block-image size-large\"><img loading=\"lazy\" decoding=\"async\" width=\"1024\" height=\"816\" data-id=\"1874\" src=\"https:\/\/alpsafari.ch\/wp-content\/uploads\/2022\/12\/IMG_1118-1024x816.jpeg\" alt=\"\" class=\"wp-image-1874\" srcset=\"https:\/\/alpsafari.ch\/wp-content\/uploads\/2022\/12\/IMG_1118.jpeg 1024w, https:\/\/alpsafari.ch\/wp-content\/uploads\/2022\/12\/IMG_1118-300x239.jpeg 300w, https:\/\/alpsafari.ch\/wp-content\/uploads\/2022\/12\/IMG_1118-768x612.jpeg 768w, https:\/\/alpsafari.ch\/wp-content\/uploads\/2022\/12\/IMG_1118-1536x1224.jpeg 1536w, https:\/\/alpsafari.ch\/wp-content\/uploads\/2022\/12\/IMG_1118-2048x1632.jpeg 2048w\" sizes=\"auto, (max-width: 1024px) 100vw, 1024px\" \/><\/figure>\n<\/figure>\n\n\n\n<h2 class=\"wp-block-heading\">Und alles andere<\/h2>\n\n\n\n<p>Waschgelegenheiten befinden sich in drei Waschbl\u00f6cken auf dem Gel\u00e4nde, was zwar einen Anstieg bedeutet, aber immer kurz sein sollte! Warmwasserduschen, WC und zwei Waschmaschinen sind vorhanden. Eine Babywanne ist noch nicht vorhanden, aber wir k\u00f6nnen gro\u00dfe Becken f\u00fcr Babywannen im Freien zur Verf\u00fcgung stellen. F\u00fcr Transporter und Wohnmobile stehen zus\u00e4tzlich zwei Chemie-WC-Stellen zur Verf\u00fcgung. Kleine K\u00fchlschr\u00e4nke k\u00f6nnen gemietet werden, Fondue- oder Raclette-Equipment f\u00fcr das K\u00e4sefest im Freien leihen wir Ihnen gerne!<\/p>\n\n\n\n<figure class=\"wp-block-gallery alignwide has-nested-images columns-default is-cropped wp-block-gallery-3 is-layout-flex wp-block-gallery-is-layout-flex\">\n<figure class=\"wp-block-image size-medium\"><img loading=\"lazy\" decoding=\"async\" width=\"300\" height=\"225\" data-id=\"2994\" src=\"https:\/\/alpsafari.ch\/wp-content\/uploads\/2024\/05\/Samuel_Devantery_AlpSafari_Web-24-300x225.jpeg\" alt=\"Camping\" class=\"wp-image-2994\" srcset=\"https:\/\/alpsafari.ch\/wp-content\/uploads\/2024\/05\/Samuel_Devantery_AlpSafari_Web-24-300x225.jpeg 300w, https:\/\/alpsafari.ch\/wp-content\/uploads\/2024\/05\/Samuel_Devantery_AlpSafari_Web-24-1024x768.jpeg 1024w, https:\/\/alpsafari.ch\/wp-content\/uploads\/2024\/05\/Samuel_Devantery_AlpSafari_Web-24-768x576.jpeg 768w, https:\/\/alpsafari.ch\/wp-content\/uploads\/2024\/05\/Samuel_Devantery_AlpSafari_Web-24-1536x1152.jpeg 1536w, https:\/\/alpsafari.ch\/wp-content\/uploads\/2024\/05\/Samuel_Devantery_AlpSafari_Web-24-2048x1536.jpeg 2048w, https:\/\/alpsafari.ch\/wp-content\/uploads\/2024\/05\/Samuel_Devantery_AlpSafari_Web-24.jpeg 1500w\" sizes=\"auto, (max-width: 300px) 100vw, 300px\" \/><\/figure>\n\n\n\n<figure class=\"wp-block-image size-medium is-style-default\"><img loading=\"lazy\" decoding=\"async\" width=\"224\" height=\"300\" data-id=\"1832\" src=\"https:\/\/alpsafari.ch\/wp-content\/uploads\/2022\/12\/IMG_8812-224x300.jpeg\" alt=\"\" class=\"wp-image-1832\" srcset=\"https:\/\/alpsafari.ch\/wp-content\/uploads\/2022\/12\/IMG_8812-224x300.jpeg 224w, https:\/\/alpsafari.ch\/wp-content\/uploads\/2022\/12\/IMG_8812-767x1024.jpeg 767w, https:\/\/alpsafari.ch\/wp-content\/uploads\/2022\/12\/IMG_8812-768x1025.jpeg 768w, https:\/\/alpsafari.ch\/wp-content\/uploads\/2022\/12\/IMG_8812-1151x1536.jpeg 1151w, https:\/\/alpsafari.ch\/wp-content\/uploads\/2022\/12\/IMG_8812-1535x2048.jpeg 1535w, https:\/\/alpsafari.ch\/wp-content\/uploads\/2022\/12\/IMG_8812.jpeg 1024w\" sizes=\"auto, (max-width: 224px) 100vw, 224px\" \/><\/figure>\n<\/figure>\n\n\n\n<p>Free Wifi is available throughout the restaurant and lounge area.<\/p>\n\n\n\n<p>Holzfeuer sind je nach kantonalen Brandschutzvorschriften zul\u00e4ssig, Feueranz\u00fcnder\/Brennholz k\u00f6nnen vor Ort gekauft werden. Wir bitten Sie, eine ausgewiesene Feuerstelle f\u00fcr Holzfeuer zu verwenden.<\/p>\n\n\n\n<p>Wertstofftonnen f\u00fcr PET, Glas, Aluminium und Kompostierung (nur Gem\u00fcseschalen, um Wildtiere nicht anzulocken) befinden sich vor Ort; Hausm\u00fcll muss mit einem Walliser sac tax\u00e9 (bei uns erh\u00e4ltlich) entsorgt und in einem \u00f6ffentlichen \u00abMolok\u00bb am Ortsausgang deponiert werden.<\/p>\n\n\n\n<p>Hunde sind bei Alp Safari willkommen \u2013 wir haben einen eigenen. Hunden ist der Zutritt zum Garten und zum Poolbereich nicht gestattet, sie sind jedoch im Restaurant und anderswo auf dem Gel\u00e4nde ohne Aufpreis willkommen. Wir erwarten von Hundebesitzern, dass sie daf\u00fcr sorgen, dass ihre Hunde auf dem Gel\u00e4nde unter Kontrolle und an der Leine gehalten werden, dass sie keine Unordnung hinterlassen und die Nachbarn nicht st\u00f6ren \u2013 wir haben Hundekotbeh\u00e4lter vor Ort!<\/p>\n\n\n\n<figure class=\"wp-block-gallery alignwide has-nested-images columns-default is-cropped wp-block-gallery-4 is-layout-flex wp-block-gallery-is-layout-flex\">\n<figure class=\"wp-block-image size-medium\"><img loading=\"lazy\" decoding=\"async\" width=\"300\" height=\"225\" data-id=\"2994\" src=\"https:\/\/alpsafari.ch\/wp-content\/uploads\/2024\/05\/Samuel_Devantery_AlpSafari_Web-24-300x225.jpeg\" alt=\"Camping\" class=\"wp-image-2994\" srcset=\"https:\/\/alpsafari.ch\/wp-content\/uploads\/2024\/05\/Samuel_Devantery_AlpSafari_Web-24-300x225.jpeg 300w, https:\/\/alpsafari.ch\/wp-content\/uploads\/2024\/05\/Samuel_Devantery_AlpSafari_Web-24-1024x768.jpeg 1024w, https:\/\/alpsafari.ch\/wp-content\/uploads\/2024\/05\/Samuel_Devantery_AlpSafari_Web-24-768x576.jpeg 768w, https:\/\/alpsafari.ch\/wp-content\/uploads\/2024\/05\/Samuel_Devantery_AlpSafari_Web-24-1536x1152.jpeg 1536w, https:\/\/alpsafari.ch\/wp-content\/uploads\/2024\/05\/Samuel_Devantery_AlpSafari_Web-24-2048x1536.jpeg 2048w, https:\/\/alpsafari.ch\/wp-content\/uploads\/2024\/05\/Samuel_Devantery_AlpSafari_Web-24.jpeg 1500w\" sizes=\"auto, (max-width: 300px) 100vw, 300px\" \/><\/figure>\n\n\n\n<figure class=\"wp-block-image size-medium is-style-default\"><img loading=\"lazy\" decoding=\"async\" width=\"224\" height=\"300\" data-id=\"1832\" src=\"https:\/\/alpsafari.ch\/wp-content\/uploads\/2022\/12\/IMG_8812-224x300.jpeg\" alt=\"\" class=\"wp-image-1832\" srcset=\"https:\/\/alpsafari.ch\/wp-content\/uploads\/2022\/12\/IMG_8812-224x300.jpeg 224w, https:\/\/alpsafari.ch\/wp-content\/uploads\/2022\/12\/IMG_8812-767x1024.jpeg 767w, https:\/\/alpsafari.ch\/wp-content\/uploads\/2022\/12\/IMG_8812-768x1025.jpeg 768w, https:\/\/alpsafari.ch\/wp-content\/uploads\/2022\/12\/IMG_8812-1151x1536.jpeg 1151w, https:\/\/alpsafari.ch\/wp-content\/uploads\/2022\/12\/IMG_8812-1535x2048.jpeg 1535w, https:\/\/alpsafari.ch\/wp-content\/uploads\/2022\/12\/IMG_8812.jpeg 1024w\" sizes=\"auto, (max-width: 224px) 100vw, 224px\" \/><\/figure>\n<\/figure>\n","protected":false},"excerpt":{"rendered":"<p>Auf \u00fcber 1.000 m H\u00f6he beherbergt das Gel\u00e4nde selbst ein Dutzend Glamping-Safarizelte und rund 30 Stellpl\u00e4tze f\u00fcr Zelte, Vans und Wohnmobile. Auf \u00fcber 26.000 Quadratmetern nach S\u00fcdwesten ausgerichteter \u201eTerrassen\u201c ist es perfekt f\u00fcr spektakul\u00e4re Sonnenunterg\u00e4nge in den Alpen im Rhonetal (und stellt sicher, dass niemand die Nachbarn beobachten muss). Wir sind 20 Autominuten von Sion [&hellip;]<\/p>\n","protected":false},"author":1,"featured_media":2249,"parent":0,"menu_order":0,"comment_status":"closed","ping_status":"closed","template":"template-camping.php","meta":{"_acf_changed":false,"footnotes":""},"class_list":["post-2754","page","type-page","status-publish","has-post-thumbnail","hentry"],"acf":[],"_links":{"self":[{"href":"https:\/\/alpsafari.ch\/de\/wp-json\/wp\/v2\/pages\/2754","targetHints":{"allow":["GET"]}}],"collection":[{"href":"https:\/\/alpsafari.ch\/de\/wp-json\/wp\/v2\/pages"}],"about":[{"href":"https:\/\/alpsafari.ch\/de\/wp-json\/wp\/v2\/types\/page"}],"author":[{"embeddable":true,"href":"https:\/\/alpsafari.ch\/de\/wp-json\/wp\/v2\/users\/1"}],"replies":[{"embeddable":true,"href":"https:\/\/alpsafari.ch\/de\/wp-json\/wp\/v2\/comments?post=2754"}],"version-history":[{"count":7,"href":"https:\/\/alpsafari.ch\/de\/wp-json\/wp\/v2\/pages\/2754\/revisions"}],"predecessor-version":[{"id":3590,"href":"https:\/\/alpsafari.ch\/de\/wp-json\/wp\/v2\/pages\/2754\/revisions\/3590"}],"wp:featuredmedia":[{"embeddable":true,"href":"https:\/\/alpsafari.ch\/de\/wp-json\/wp\/v2\/media\/2249"}],"wp:attachment":[{"href":"https:\/\/alpsafari.ch\/de\/wp-json\/wp\/v2\/media?parent=2754"}],"curies":[{"name":"wp","href":"https:\/\/api.w.org\/{rel}","templated":true}]}}