{"id":2746,"date":"2023-03-29T12:29:56","date_gmt":"2023-03-29T12:29:56","guid":{"rendered":"https:\/\/alpsafari.ch\/allgemeine-verkaufsbedingungen-agb\/"},"modified":"2025-03-03T09:51:37","modified_gmt":"2025-03-03T09:51:37","slug":"allgemeine-verkaufsbedingungen-agb","status":"publish","type":"page","link":"https:\/\/alpsafari.ch\/de\/allgemeine-verkaufsbedingungen-agb\/","title":{"rendered":"Allgemeine Verkaufsbedingungen (AGB)"},"content":{"rendered":"\n<p>Gesch\u00e4ftsbedingungen<\/p>\n\n<ol class=\"wp-block-list\">\n<li>Vertragsabschluss<\/li>\n<\/ol>\n\n<p>Der Vertrag kommt zwischen dem Kunden und Alp Safari SARL zustande und gilt ab dem Moment, in dem Alp Safari SARL die Reservierung per E-Mail, Fax oder Brief best\u00e4tigt. Die erbrachten Leistungen sind diejenigen, die in der Best\u00e4tigung, dem Prospekt oder auf unserer Website aufgef\u00fchrt sind. Die englische Originalversion ist die vorrangige Version.<\/p>\n\n<ol start=\"2\" class=\"wp-block-list\">\n<li>Preisgestaltung<\/li>\n<\/ol>\n\n<p>Die Preise sind in Schweizer Franken (CHF) angegeben, inklusive Mehrwertsteuer. Die Taxe de s\u00e9jour betr\u00e4gt 2,90 CHF pro Nacht und Erwachsener und 1,45 CHF pro Nacht und Kind zwischen 6 und 12 Jahren.<\/p>\n\n<ol start=\"3\" class=\"wp-block-list\">\n<li>Zahlungsbedingungen<\/li>\n<\/ol>\n\n<p>Eine \u201eFLEXI\u201c-Reservierung erm\u00f6glicht es Ihnen, Ihre Reservierung bis zu 7 Tage vor Ihrer Ankunft zu \u00e4ndern oder zu stornieren.<\/p>\n\n<ul class=\"wp-block-list\">\n<li>Die Zahlung muss zum Zeitpunkt der Reservierung erfolgen.<\/li>\n\n\n\n<li>Wenn die Reservierung nicht \u00fcber unsere Website erfolgt, muss die Anzahlung per Bank\u00fcberweisung innerhalb von 15 Tagen nach der Reservierung erfolgen. Zus\u00e4tzlich zur Anzahlung muss eine Kreditkarte als Garantie hinterlegt werden.<\/li>\n\n\n\n<li>F\u00fcr alle Buchungen von Vendredi oder Cruso\u00e9 ist eine Kaution von 200 CHF f\u00fcr die Dauer des Aufenthaltes erforderlich, die nach Inventarbest\u00e4tigung nach dem Check-out zur\u00fcckerstattet wird<\/li>\n<\/ul>\n\n<p> Eine \u201eNONFLEXI\u201c-Reservierung kann nicht ge\u00e4ndert oder erstattet werden.<\/p>\n\n<ul class=\"wp-block-list\">\n<li>Die Zahlung des Gesamtbetrags f\u00fcr die Unterkunft muss zum Zeitpunkt der Reservierung zu 100 % erfolgen<\/li>\n\n\n\n<li>Wenn die Reservierung nicht \u00fcber unsere Website erfolgt, muss die Anzahlung per Bank\u00fcberweisung innerhalb von 15 Tagen nach der Reservierung erfolgen. Zus\u00e4tzlich zur Anzahlung muss eine Kreditkarte als Garantie hinterlegt werden.<\/li>\n\n\n\n<li>F\u00fcr alle Buchungen von Vendredi oder Cruso\u00e9 ist eine Kaution von 200 CHF f\u00fcr die Dauer des Aufenthaltes erforderlich, die nach Inventarbest\u00e4tigung nach dem Check-out zur\u00fcckerstattet wird<\/li>\n<\/ul>\n\n<p> Bankdaten<\/p>\n\n<p>Alp Safari SARL, Le Zitiouc 5 1973 Nax, Schweiz<\/p>\n\n<p>RAIFFEISEN \u2013 1950 Sion\u00a0 IBAN CH09 8080 8005 9921 8221 7 BIC-SWIFT\u00a0: RAIFCH22<\/p>\n\n<p>Erfolgt die Zahlung nicht fristgerecht, beh\u00e4lt sich Alp Safari SARL das Recht vor, den Vertrag und die Reservierung zu stornieren.<\/p>\n\n<p>Die Begleichung offener Geb\u00fchren (Taxe de s\u00e9jour, Zusatzleistungen oder Restaurantrechnungen) erfolgt beim Check-out.<\/p>\n\n<ol start=\"4\" class=\"wp-block-list\">\n<li>\u00c4nderungen und Stornierungen<\/li>\n<\/ol>\n\n<p>Mit einer FLEXI-Reservierung k\u00f6nnen Sie Ihren Aufenthalt bis zu 7 Tage vor Ihrer Ankunft \u00e4ndern. 7 Tage ab dem Datum des schriftlichen Eingangs der Mitteilung bei Alp Safari SARL.<\/p>\n\n<p>Wenn Sie Ihren Aufenthalt stornieren, fallen folgende Geb\u00fchren an:<\/p>\n\n<ul class=\"wp-block-list\">\n<li>Stornierung 7 Tage vor Anreise; volle R\u00fcckerstattung der Anzahlung<\/li>\n\n\n\n<li>Stornierung weniger als 7 Tage vor Anreise; keine R\u00fcckerstattung der bezahlten Betr\u00e4ge, es sei denn, die Stornierung ist auf schweizerische Bundesrichtlinien bez\u00fcglich Covid-19 zur\u00fcckzuf\u00fchren<\/li>\n\n\n\n<li>Verwaltungsgeb\u00fchren k\u00f6nnen abgezogen werden<\/li>\n<\/ul>\n\n<p>Eine NONFLEX-Reservierung kann nicht ge\u00e4ndert oder erstattet werden.<\/p>\n\n<p>Wir empfehlen Ihnen, f\u00fcr Ihre Reise eine Reiseversicherung abzuschliessen, beispielsweise vom Touring Club Suisse oder \u00fcber Ihre Kreditkarte.<\/p>\n\n<ol start=\"5\" class=\"wp-block-list\">\n<li>Sp\u00e4te oder fr\u00fche Anreise<\/li>\n<\/ol>\n\n<ul class=\"wp-block-list\">\n<li>Alp Safari SARL ist nicht verantwortlich f\u00fcr Reiseverz\u00f6gerungen. Wenn ein Kunde aufgrund von Transport- oder pers\u00f6nlichen Schwierigkeiten sp\u00e4ter ankommt, bleibt der Preis der Reservierung gleich. Auch bei vorzeitiger Abreise wird der volle Betrag f\u00e4llig.<\/li>\n<\/ul>\n\n<ol start=\"6\" class=\"wp-block-list\">\n<li>Einchecken Auschecken<\/li>\n<\/ol>\n\n<ul class=\"wp-block-list\">\n<li>Check-out ist um 10.00 Uhr f\u00fcr Safari-Zelte und um 11.00 Uhr f\u00fcr Campingstellpl\u00e4tze<\/li>\n\n\n\n<li>Check-in ist zwischen 16:00 und 19:00 Uhr; Stellpl\u00e4tze k\u00f6nnen ab 14 Uhr verf\u00fcgbar sein<\/li>\n\n\n\n<li>Wenn Sie voraussichtlich nach 19:00 Uhr anreisen, teilen Sie uns dies bitte im Voraus mit<\/li>\n<\/ul>\n\n<ol start=\"7\" class=\"wp-block-list\">\n<li>Taxes<\/li>\n<\/ol>\n\n<ul class=\"wp-block-list\">\n<li>Hinzu kommt die Taxe de S\u00e9jour. Falls nicht bei der Buchung bezahlt, wird es bei der Ankunft hinzugef\u00fcgt (CHF 2.90 \u2013 pro Erwachsener, pro Nacht; CHF 1.45 \u2013 pro Kind 6-12 Jahre pro Nacht).<\/li>\n<\/ul>\n\n<ol start=\"8\" class=\"wp-block-list\">\n<li>Beschwerden<\/li>\n<\/ol>\n\n<ul class=\"wp-block-list\">\n<li>Wir hoffen, Sie genie\u00dfen Ihren Aufenthalt. Wenn Sie jedoch auf Probleme sto\u00dfen und eine Beschwerde einreichen m\u00f6chten, bitten wir Sie, Ihre Bedenken Alp Safari so schnell wie m\u00f6glich mitzuteilen, damit wir versuchen k\u00f6nnen, sie zu l\u00f6sen.<\/li>\n<\/ul>\n\n<p>Diese Bedingungen unterliegen schweizerischem Recht. Die for juridique befindet sich in Sion, Schweiz.<\/p>\n","protected":false},"excerpt":{"rendered":"<p>Gesch\u00e4ftsbedingungen Der Vertrag kommt zwischen dem Kunden und Alp Safari SARL zustande und gilt ab dem Moment, in dem Alp Safari SARL die Reservierung per E-Mail, Fax oder Brief best\u00e4tigt. Die erbrachten Leistungen sind diejenigen, die in der Best\u00e4tigung, dem Prospekt oder auf unserer Website aufgef\u00fchrt sind. Die englische Originalversion ist die vorrangige Version. Die [&hellip;]<\/p>\n","protected":false},"author":1,"featured_media":0,"parent":0,"menu_order":0,"comment_status":"closed","ping_status":"closed","template":"","meta":{"_acf_changed":false,"footnotes":""},"class_list":["post-2746","page","type-page","status-publish","hentry"],"acf":[],"_links":{"self":[{"href":"https:\/\/alpsafari.ch\/de\/wp-json\/wp\/v2\/pages\/2746","targetHints":{"allow":["GET"]}}],"collection":[{"href":"https:\/\/alpsafari.ch\/de\/wp-json\/wp\/v2\/pages"}],"about":[{"href":"https:\/\/alpsafari.ch\/de\/wp-json\/wp\/v2\/types\/page"}],"author":[{"embeddable":true,"href":"https:\/\/alpsafari.ch\/de\/wp-json\/wp\/v2\/users\/1"}],"replies":[{"embeddable":true,"href":"https:\/\/alpsafari.ch\/de\/wp-json\/wp\/v2\/comments?post=2746"}],"version-history":[{"count":6,"href":"https:\/\/alpsafari.ch\/de\/wp-json\/wp\/v2\/pages\/2746\/revisions"}],"predecessor-version":[{"id":3090,"href":"https:\/\/alpsafari.ch\/de\/wp-json\/wp\/v2\/pages\/2746\/revisions\/3090"}],"wp:attachment":[{"href":"https:\/\/alpsafari.ch\/de\/wp-json\/wp\/v2\/media?parent=2746"}],"curies":[{"name":"wp","href":"https:\/\/api.w.org\/{rel}","templated":true}]}}