{"id":2730,"date":"2023-03-28T08:18:40","date_gmt":"2023-03-28T08:18:40","guid":{"rendered":"https:\/\/alpsafari.ch\/about-us\/"},"modified":"2025-12-16T09:54:29","modified_gmt":"2025-12-16T09:54:29","slug":"about-us","status":"publish","type":"page","link":"https:\/\/alpsafari.ch\/de\/about-us\/","title":{"rendered":"\u00dcber uns"},"content":{"rendered":"\n<p>Fran (Brite) und Steph (Walliserin) lernten sich 2008 im Tschad kennen. 2018 \u2013 zehn Jahre, drei weitere humanit\u00e4re Eins\u00e4tze, zwei Kinder und einen Schokoladenlabrador sp\u00e4ter \u2013 entschieden wir uns, den Hilfssektor zu verlassen und in die Schweiz zur\u00fcckzukehren. Wir haben uns f\u00fcr das Wallis entschieden \u2013 \u00a0in der N\u00e4he von Stephs Familie und, wie wir hofften, mit einer besseren Work-Life-Balance in der erstaunlichen Natur, die der Kanton zu bieten hat.<\/p>\n\n<p>Jedes Wochenende waren wir in den Bergen \u2013 meistens im Val d&#8217;H\u00e9rens, wo Stephs Familie herkommt. Und jedes Wochenende haben wir uns gesagt, hier gibt es so viel zu tun! Wir haben eine Weile damit verbracht, verschiedene M\u00f6glichkeiten zu erkunden, haupts\u00e4chlich im Tourismussektor, aber uns wurde schnell klar, dass wir am schnellsten etwas Kreatives tun und tats\u00e4chlich hoffen konnten, unseren Lebensunterhalt zu verdienen, war, einen Campingplatz in voller Gr\u00f6\u00dfe zu \u00fcbernehmen &#8230; Das war&#8217;s also Wir machten!<\/p>\n\n<h2 class=\"wp-block-heading\">Camping Grand-Paradis bis Alp Safari<\/h2>\n\n<p>Also machten wir uns auf die Suche nach einem Campingplatz. Die Suche ergab nur einen Ort &#8211; den Camping Grand Paradis in Nax im Zentrum des Wallis. Gl\u00fcck, Gl\u00fcck, Zufall, Schicksal f\u00fchrten dazu, dass es am \u00e4u\u00dfersten Rand des Val d&#8217;H\u00e9rens lag, auf halbem Weg zwischen Sion, unserer Heimat, und Saint-Martin, Stephs &#8218;commune d&#8217;origine&#8216;. Das Beste von allem ist, dass es (meiner Meinung nach) der beste Campingplatz im ganzen Kanton ist, auf \u00fcber 1.000 m H\u00f6he gelegen, mit spektakul\u00e4ren, sonnendurchfluteten Terrassen, die nach S\u00fcdwesten ins Rhonetal und hin\u00fcber zu den Berner Alpen blicken.<\/p>\n\n<p>Es wurde vor \u00fcber 40 Jahren vollst\u00e4ndig von der Familie Mayor aus Bramois erbaut, die den Campingplatz Grand-Paradis bis Februar 2021 f\u00fchrte. Als wir das Gel\u00e4nde kauften, waren fast alle Stellpl\u00e4tze von Langzeitmietern \u00fcbernommen worden und die Restaurant- und Schwimmbadmanagement wurde ausgelagert.<\/p>\n\n<p>Die j\u00fcngeren B\u00fcrgermeister erz\u00e4hlten uns von den Sommern w\u00e4hrend der Bl\u00fctezeit des Grand-Paradis, als sich niederl\u00e4ndische, deutsche und belgische Familien neben den Schweizer Campern auf dem gesamten Gel\u00e4nde tummelten und ihren Gro\u00dfeltern im Restaurant halfen. Wir hoffen, ein \u00e4hnliches Gef\u00fchl von Freiheit im Freien zu schaffen, wo Kinder von morgens bis abends barfu\u00df herumlaufen k\u00f6nnen und die Sprache f\u00fcr die Kommunikation irrelevant ist!<\/p>\n\n<p>Ab Februar 2021 haben wir mit einem Renovierungsprogramm begonnen, das voraussichtlich einige Jahre in Anspruch nehmen wird \u2013 bisher haben wir uns darauf konzentriert, unsere fabelhaften Safarizelte aufzustellen, das Restaurant zu modernisieren, den Swimmingpool zu erneuern, den Spielplatz zu ersetzen und die Toiletten zu erweitern Duschm\u00f6glichkeiten.<\/p>\n\n<p>Langfristig wollen wir den Standort mit einheimischen Pflanzen und B\u00e4umen \u201ewiederbeleben\u201c, die Restaurantstruktur \u00fcberdenken und Optionen erkunden, die es uns erm\u00f6glichen, das ganze Jahr \u00fcber Glamping- und Van-Camping-Services anzubieten \u2013 denn direkt \u00fcber uns in Mont-Noble, Nax hat einige fabelhafte Skipisten &#8230;<\/p>\n\n<h2 class=\"wp-block-heading\">Alp Safari Camping &amp; Glamping <\/h2>\n\n<p>Heute beherbergt Alp Safari ein Dutzend Glamping-Safarizelte und rund 30 Stellpl\u00e4tze f\u00fcr Zelte, Vans, Autozelte, Wohnwagen und Wohnmobile. Auf fast 30.000 m2 nach S\u00fcdwesten ausgerichteter \u201eTerrassen\u201c ist es perfekt f\u00fcr spektakul\u00e4re alpine Sonnenunterg\u00e4nge im Rhonetal (und niemand muss die Nachbarn beobachten).<\/p>\n\n<p>Alp Safari f\u00f6rdert bewusst die R\u00fcckkehr der Vegetation in einen nat\u00fcrlicheren Zustand &#8211; in nur zwei Sommern sehen wir mehr Wildblumen, mehr V\u00f6gel und mehr Bienen! Direkt unter den H\u00f6hen der Alpenw\u00e4lder haben wir eine Mischung aus Birken, Eschen und wilden Kirschb\u00e4umen, die fast allen Stellpl\u00e4tzen nat\u00fcrlichen Schatten spenden und von Ackerland oder brachliegenden Feldern und B\u00e4umen umgeben sind. Sie werden vielleicht von den V\u00f6geln geweckt, und in den Sommermonaten werden Sie auf jeden Fall die Kuhglocken der jungen K\u00fche auf den Feldern unten h\u00f6ren.<\/p>\n\n<p>In der Nebensaison, wenn es ruhiger ist, k\u00f6nnen Sie vielleicht das eine oder andere Reh oder einen Fuchs entdecken. Und zu jeder Jahreszeit ist es ein gro\u00dfartiger Ort, um Sterne zu beobachten.<\/p>\n","protected":false},"excerpt":{"rendered":"<p>Fran (Brite) und Steph (Walliserin) lernten sich 2008 im Tschad kennen. 2018 \u2013 zehn Jahre, drei weitere humanit\u00e4re Eins\u00e4tze, zwei Kinder und einen Schokoladenlabrador sp\u00e4ter \u2013 entschieden wir uns, den Hilfssektor zu verlassen und in die Schweiz zur\u00fcckzukehren. Wir haben uns f\u00fcr das Wallis entschieden \u2013 \u00a0in der N\u00e4he von Stephs Familie und, wie wir [&hellip;]<\/p>\n","protected":false},"author":1,"featured_media":2039,"parent":0,"menu_order":0,"comment_status":"closed","ping_status":"closed","template":"","meta":{"_acf_changed":false,"footnotes":""},"class_list":["post-2730","page","type-page","status-publish","has-post-thumbnail","hentry"],"acf":[],"_links":{"self":[{"href":"https:\/\/alpsafari.ch\/de\/wp-json\/wp\/v2\/pages\/2730","targetHints":{"allow":["GET"]}}],"collection":[{"href":"https:\/\/alpsafari.ch\/de\/wp-json\/wp\/v2\/pages"}],"about":[{"href":"https:\/\/alpsafari.ch\/de\/wp-json\/wp\/v2\/types\/page"}],"author":[{"embeddable":true,"href":"https:\/\/alpsafari.ch\/de\/wp-json\/wp\/v2\/users\/1"}],"replies":[{"embeddable":true,"href":"https:\/\/alpsafari.ch\/de\/wp-json\/wp\/v2\/comments?post=2730"}],"version-history":[{"count":3,"href":"https:\/\/alpsafari.ch\/de\/wp-json\/wp\/v2\/pages\/2730\/revisions"}],"predecessor-version":[{"id":2818,"href":"https:\/\/alpsafari.ch\/de\/wp-json\/wp\/v2\/pages\/2730\/revisions\/2818"}],"wp:featuredmedia":[{"embeddable":true,"href":"https:\/\/alpsafari.ch\/de\/wp-json\/wp\/v2\/media\/2039"}],"wp:attachment":[{"href":"https:\/\/alpsafari.ch\/de\/wp-json\/wp\/v2\/media?parent=2730"}],"curies":[{"name":"wp","href":"https:\/\/api.w.org\/{rel}","templated":true}]}}